{"id":2,"date":"2016-11-30T12:29:00","date_gmt":"2016-11-30T12:29:00","guid":{"rendered":"http:\/\/kirstengomez.es\/portfolio\/?page_id=2"},"modified":"2016-12-01T22:22:10","modified_gmt":"2016-12-01T21:22:10","slug":"pagina-ejemplo","status":"publish","type":"page","link":"https:\/\/kirstengomez.es\/portfolio\/index.php\/pagina-ejemplo\/","title":{"rendered":"SOBRE M\u00cd"},"content":{"rendered":"<h1>\u00a0<img loading=\"lazy\" decoding=\"async\" class=\"wp-image-14 size-medium alignright\" src=\"http:\/\/kirstengomez.es\/portfolio\/wp-content\/uploads\/2016\/11\/katrinas-3-200x300.jpg\" width=\"200\" height=\"300\" srcset=\"https:\/\/kirstengomez.es\/portfolio\/wp-content\/uploads\/2016\/11\/katrinas-3-200x300.jpg 200w, https:\/\/kirstengomez.es\/portfolio\/wp-content\/uploads\/2016\/11\/katrinas-3-267x400.jpg 267w, https:\/\/kirstengomez.es\/portfolio\/wp-content\/uploads\/2016\/11\/katrinas-3.jpg 667w\" sizes=\"auto, (max-width: 200px) 100vw, 200px\" \/><strong>CV<\/strong><\/h1>\n<p>Fot\u00f3grafa freelance desde 2014.<\/p>\n<p>&nbsp;<\/p>\n<h3>Formaci\u00f3n reglada<\/h3>\n<p>&nbsp;<\/p>\n<p><strong>2009<\/strong> \u00a0Ciclo Superior de fotograf\u00eda art\u00edstica, escuela Groc (Barcelona)<\/p>\n<p><strong>2005<\/strong> \u00a0Bachillerato art\u00edstico<\/p>\n<p>&nbsp;<\/p>\n<h3>Formaci\u00f3n no reglada<\/h3>\n<p>&nbsp;<\/p>\n<p><strong>2011<\/strong>\u00a0\u00a0Especializaci\u00f3n en Dise\u00f1o y creaci\u00f3n web, ERAM<\/p>\n<p><strong>2010<\/strong>\u00a0\u00a0Especializaci\u00f3n en Dise\u00f1o Gr\u00e1fico, ERAM<\/p>\n<p><strong>2010<\/strong> \u00a0Especializaci\u00f3n en iluminaci\u00f3n fotogr\u00e1fica, ERAM<\/p>\n<h3><\/h3>\n<p>&nbsp;<\/p>\n<h3>Experi\u00e9ncia laboral<\/h3>\n<p>&nbsp;<\/p>\n<p>Actualmente\u00a0 Fot\u00f3grafa de bodas y newborn<\/p>\n<p><strong>2016\u00a0-2014<\/strong>\u00a0Fotograf\u00edas promocionales para HOME GIN KIT, DESSERTSROSE, VIVER SALT, ODEON MULTICINES, GIROSKA, OH MAMA PASTISSERIA, ACQUA ROYAL, PROMESES DE GIRONA, ETC.<\/p>\n<p>&nbsp;<\/p>\n<p><img loading=\"lazy\" decoding=\"async\" class=\"alignnone wp-image-60 size-full\" src=\"http:\/\/kirstengomez.es\/portfolio\/wp-content\/uploads\/2016\/11\/UKIR.png\" alt=\"ukir\" width=\"1000\" height=\"544\" srcset=\"https:\/\/kirstengomez.es\/portfolio\/wp-content\/uploads\/2016\/11\/UKIR.png 1000w, https:\/\/kirstengomez.es\/portfolio\/wp-content\/uploads\/2016\/11\/UKIR-300x163.png 300w, https:\/\/kirstengomez.es\/portfolio\/wp-content\/uploads\/2016\/11\/UKIR-768x418.png 768w\" sizes=\"auto, (max-width: 1000px) 100vw, 1000px\" \/><\/p>\n","protected":false},"excerpt":{"rendered":"<p>\u00a0CV Fot\u00f3grafa freelance desde 2014. &nbsp; Formaci\u00f3n reglada &nbsp; 2009 \u00a0Ciclo Superior de fotograf\u00eda art\u00edstica, escuela Groc (Barcelona) 2005 \u00a0Bachillerato art\u00edstico &nbsp; Formaci\u00f3n no reglada &nbsp; 2011\u00a0\u00a0Especializaci\u00f3n en Dise\u00f1o y creaci\u00f3n web, ERAM 2010\u00a0\u00a0Especializaci\u00f3n en Dise\u00f1o Gr\u00e1fico, ERAM 2010 \u00a0Especializaci\u00f3n en iluminaci\u00f3n fotogr\u00e1fica, ERAM &nbsp; Experi\u00e9ncia laboral &nbsp; Actualmente\u00a0 Fot\u00f3grafa de bodas y newborn 2016\u00a0-2014\u00a0Fotograf\u00edas&#8230; <span class=\"more\"><a class=\"more-link\" href=\"https:\/\/kirstengomez.es\/portfolio\/index.php\/pagina-ejemplo\/\">Read More<\/a><\/span><\/p>\n","protected":false},"author":1,"featured_media":0,"parent":0,"menu_order":0,"comment_status":"closed","ping_status":"open","template":"","meta":{"footnotes":""},"class_list":["post-2","page","type-page","status-publish","hentry"],"_links":{"self":[{"href":"https:\/\/kirstengomez.es\/portfolio\/index.php\/wp-json\/wp\/v2\/pages\/2","targetHints":{"allow":["GET"]}}],"collection":[{"href":"https:\/\/kirstengomez.es\/portfolio\/index.php\/wp-json\/wp\/v2\/pages"}],"about":[{"href":"https:\/\/kirstengomez.es\/portfolio\/index.php\/wp-json\/wp\/v2\/types\/page"}],"author":[{"embeddable":true,"href":"https:\/\/kirstengomez.es\/portfolio\/index.php\/wp-json\/wp\/v2\/users\/1"}],"replies":[{"embeddable":true,"href":"https:\/\/kirstengomez.es\/portfolio\/index.php\/wp-json\/wp\/v2\/comments?post=2"}],"version-history":[{"count":20,"href":"https:\/\/kirstengomez.es\/portfolio\/index.php\/wp-json\/wp\/v2\/pages\/2\/revisions"}],"predecessor-version":[{"id":86,"href":"https:\/\/kirstengomez.es\/portfolio\/index.php\/wp-json\/wp\/v2\/pages\/2\/revisions\/86"}],"wp:attachment":[{"href":"https:\/\/kirstengomez.es\/portfolio\/index.php\/wp-json\/wp\/v2\/media?parent=2"}],"curies":[{"name":"wp","href":"https:\/\/api.w.org\/{rel}","templated":true}]}}