{"id":96,"date":"2023-06-02T19:20:34","date_gmt":"2023-06-02T19:20:34","guid":{"rendered":"https:\/\/kirstengomez.es\/v2\/?page_id=96"},"modified":"2026-03-24T15:23:17","modified_gmt":"2026-03-24T15:23:17","slug":"embarazo","status":"publish","type":"page","link":"https:\/\/kirstengomez.es\/?page_id=96","title":{"rendered":"Embarazo"},"content":{"rendered":"\n<p class=\"has-text-align-center has-third-color has-text-color has-large-font-size\">Las sesiones de embarazo son sesiones muy bonitas que vale la pena capturar, porque es un momento tan m\u00e1gico que merece un bonito recuerdo. Una mujer creando vida.<\/p>\n\n\n\n<div class=\"wp-block-buttons is-content-justification-center is-layout-flex wp-container-core-buttons-is-layout-a89b3969 wp-block-buttons-is-layout-flex\">\n<div class=\"wp-block-button is-style-custombuttonstyle1\"><a class=\"wp-block-button__link wp-element-button\" href=\"https:\/\/formularios.adminphoto.com\/formularioreservacampos\/public\/f2b13ba6cc50366a\">RESERVA TU SESI\u00d3N AHORA<\/a><\/div>\n<\/div>\n\n\n\n<div style=\"height:50px\" aria-hidden=\"true\" class=\"wp-block-spacer\"><\/div>\n\n\n\n<h4 class=\"wp-block-heading has-text-color has-large-font-size\" style=\"color:#ca995c\"><strong>Cuando hacer la sesi\u00f3n&nbsp;<\/strong><\/h4>\n\n\n\n<p>Las sesiones de embarazo se realizan entre las&nbsp;<strong>semanas 32&nbsp;y 35<\/strong>. De esta forma la barriga ya tendr\u00e1 una forma m\u00e1s redondeada y bonita, y t\u00fa no te sentir\u00e1s tan hinchada como en las \u00faltimas semanas de gestaci\u00f3n.<\/p>\n\n\n\n<div style=\"height:50px\" aria-hidden=\"true\" class=\"wp-block-spacer\"><\/div>\n\n\n\n<h4 class=\"wp-block-heading has-text-color has-large-font-size\" style=\"color:#ca995c\"><strong>Vestuario<\/strong><\/h4>\n\n\n\n<p>Dispongo de varios vestidos ideales para sesiones de embarazo, pero tambi\u00e9n puedes traer tu propio vestuario, con el que te sientas m\u00e1s c\u00f3moda y sea m\u00e1s acorde a tu estilo.&nbsp;<\/p>\n\n\n\n<p>Si es posible, antes de la sesi\u00f3n, no te pongas ropa que te oprima la barriga y as\u00ed evitaremos marcas en la piel.<\/p>\n\n\n\n<p>En la sesi\u00f3n tambi\u00e9n pueden salir las parejas, los hijos y las mascotas. En este caso recomiendo que traig\u00e1is ropa en com\u00fan, que quede bien acorde en cuanto colores. La mejor opci\u00f3n son tonos neutros y ropas sin marcas ni estampados.&nbsp;<\/p>\n\n\n\n<p>Pod\u00e9is traer varios cambios de ropa para tener m\u00e1s variedad en el reportaje.<\/p>\n\n\n\n<p>Adem\u00e1s, podemos incluir, si lo deseas, alg\u00fan accesorio propio&nbsp;del beb\u00e9; el primer chupete, letras con su nombre, zapatitos, ecograf\u00edas\u2026 y adem\u00e1s tambi\u00e9n hay alg\u00fan atrezo especial si hace falta.&nbsp;<\/p>\n\n\n\n<div style=\"height:49px\" aria-hidden=\"true\" class=\"wp-block-spacer\"><\/div>\n\n\n\n<div class=\"wp-block-gutenverse-image guten-element guten-image guten-EZ4Q84\"><div class=\"guten-image-wrapper\"><img decoding=\"async\" class=\"gutenverse-image-box-filled\" src=\"http:\/\/kirstengomez.es\/v2\/wp-content\/uploads\/2025\/01\/bannervestuario.jpg\" height=\"477\" width=\"1920\"\/><\/div><\/div>\n\n\n\n<div style=\"height:63px\" aria-hidden=\"true\" class=\"wp-block-spacer\"><\/div>\n\n\n\n<h4 class=\"wp-block-heading has-text-color has-large-font-size\" style=\"color:#ca995c\"><strong>Lugar donde realizo la sesi\u00f3n<\/strong><\/h4>\n\n\n\n<p>La sesi\u00f3n de embarazo se puede hacer en <strong>exterior<\/strong> o en el <strong>estudio<\/strong>.&nbsp;<\/p>\n\n\n\n<p>Para las sesiones en exterior siempre suelo ir a <strong>localizaciones cercanas a mi estudio<\/strong>, a un radio de&nbsp;<strong>no m\u00e1s de 20km<\/strong>. Para sesiones en <strong>lugares m\u00e1s lejanos se cobrar\u00e1 el desplazamiento.&nbsp;<\/strong><\/p>\n\n\n\n<div style=\"height:50px\" aria-hidden=\"true\" class=\"wp-block-spacer\"><\/div>\n\n\n\n<h4 class=\"wp-block-heading has-text-color has-large-font-size\" style=\"color:#ca995c\"><strong>Belly Painting<\/strong><\/h4>\n\n\n\n<p>Se realiza belly painting en las tripitas, s\u00f3lo ten\u00e9is que enviar la idea de lo que quer\u00e9is y os informar\u00e9 del coste adicional.<\/p>\n\n\n\n<div style=\"height:25px\" aria-hidden=\"true\" class=\"wp-block-spacer\"><\/div>\n\n\n\n<div class=\"wp-block-columns is-layout-flex wp-container-core-columns-is-layout-28f84493 wp-block-columns-is-layout-flex\">\n<div class=\"wp-block-column is-layout-flow wp-block-column-is-layout-flow\" style=\"flex-basis:100%\">\n<figure class=\"wp-block-gallery has-nested-images columns-default is-cropped wp-block-gallery-1 is-layout-flex wp-block-gallery-is-layout-flex\">\n<figure class=\"wp-block-image size-full\"><img decoding=\"async\" width=\"1000\" height=\"667\" data-id=\"153\" src=\"https:\/\/kirstengomez.es\/v2\/wp-content\/uploads\/2023\/06\/dianaxavi-45.jpg\" alt=\"\" class=\"wp-image-153\" srcset=\"https:\/\/kirstengomez.es\/wp-content\/uploads\/2023\/06\/dianaxavi-45.jpg 1000w, https:\/\/kirstengomez.es\/wp-content\/uploads\/2023\/06\/dianaxavi-45-300x200.jpg 300w, https:\/\/kirstengomez.es\/wp-content\/uploads\/2023\/06\/dianaxavi-45-768x512.jpg 768w\" sizes=\"(max-width: 1000px) 100vw, 1000px\" \/><\/figure>\n\n\n\n<figure class=\"wp-block-image size-full\"><img decoding=\"async\" width=\"1000\" height=\"667\" data-id=\"158\" src=\"https:\/\/kirstengomez.es\/v2\/wp-content\/uploads\/2023\/06\/rosa-5.jpg\" alt=\"\" class=\"wp-image-158\" srcset=\"https:\/\/kirstengomez.es\/wp-content\/uploads\/2023\/06\/rosa-5.jpg 1000w, https:\/\/kirstengomez.es\/wp-content\/uploads\/2023\/06\/rosa-5-300x200.jpg 300w, https:\/\/kirstengomez.es\/wp-content\/uploads\/2023\/06\/rosa-5-768x512.jpg 768w\" sizes=\"(max-width: 1000px) 100vw, 1000px\" \/><\/figure>\n\n\n\n<figure class=\"wp-block-image size-full\"><img decoding=\"async\" width=\"1000\" height=\"667\" data-id=\"152\" src=\"https:\/\/kirstengomez.es\/v2\/wp-content\/uploads\/2023\/06\/aribellypainting-3.jpg\" alt=\"\" class=\"wp-image-152\" srcset=\"https:\/\/kirstengomez.es\/wp-content\/uploads\/2023\/06\/aribellypainting-3.jpg 1000w, https:\/\/kirstengomez.es\/wp-content\/uploads\/2023\/06\/aribellypainting-3-300x200.jpg 300w, https:\/\/kirstengomez.es\/wp-content\/uploads\/2023\/06\/aribellypainting-3-768x512.jpg 768w\" sizes=\"(max-width: 1000px) 100vw, 1000px\" \/><\/figure>\n<\/figure>\n<\/div>\n<\/div>\n\n\n\n<div style=\"height:50px\" aria-hidden=\"true\" class=\"wp-block-spacer\"><\/div>\n\n\n\n<h4 class=\"wp-block-heading has-text-color has-large-font-size\" style=\"color:#ca995c\"><strong>Tarifas y fechas<\/strong><\/h4>\n\n\n\n<p>Clicando en este enlace os reenviar\u00e1 en la agenda donde podr\u00e9is consultar las fechas y reservar vuestra cita.&nbsp;<\/p>\n\n\n\n<div style=\"height:25px\" aria-hidden=\"true\" class=\"wp-block-spacer\"><\/div>\n\n\n\n<div class=\"wp-block-buttons is-layout-flex wp-block-buttons-is-layout-flex\">\n<div class=\"wp-block-button is-style-custombuttonstyle1\"><a class=\"wp-block-button__link wp-element-button\" href=\"https:\/\/formularios.adminphoto.com\/formularioreservacampos\/public\/f2b13ba6cc50366a\">RESERVA TU SESI\u00d3N AHORA<\/a><\/div>\n<\/div>\n\n\n\n<div style=\"height:50px\" aria-hidden=\"true\" class=\"wp-block-spacer\"><\/div>\n\n\n\n<h4 class=\"wp-block-heading has-text-color has-large-font-size\" style=\"color:#ca995c\"><\/h4>\n\n\n\n<p><\/p>\n\n\n\n<div style=\"height:50px\" aria-hidden=\"true\" class=\"wp-block-spacer\"><\/div>\n\n\n\n<h4 class=\"wp-block-heading has-text-color has-large-font-size\" style=\"color:#ca995c\"><strong>Tiempo de entrega<\/strong><\/h4>\n\n\n\n<p>El plazo de entrega del reportaje ser\u00e1 de&nbsp;<strong>2 semanas despu\u00e9s<\/strong>&nbsp;del d\u00eda de la sesi\u00f3n. En caso de escoger productos como \u00e1lbumes, el plazo de entrega&nbsp;de este&nbsp;depender\u00e1 del tiempo de producci\u00f3n, que suele oscilar 8 d\u00edas h\u00e1biles.&nbsp;<\/p>\n\n\n\n<p>* El plazo de entrega puede verse alterado en fechas se\u00f1aladas como vacaciones, \u00e9poca de comuniones o&nbsp;Navidad.<\/p>\n\n\n\n<div style=\"height:50px\" aria-hidden=\"true\" class=\"wp-block-spacer\"><\/div>\n\n\n\n<h4 class=\"wp-block-heading has-text-color has-large-font-size\" style=\"color:#ca995c\"><strong>Forma de pago<\/strong><\/h4>\n\n\n\n<p>Para la reserva de la sesi\u00f3n&nbsp;pido una paga y se\u00f1al. El resto del importe ser\u00e1 abonado en efectivo el mismo d\u00eda de la sesi\u00f3n, al finalizarla.&nbsp;O por transferencia. (no dispongo de Bizum)<\/p>\n\n\n\n<p>El importe de la reserva no es&nbsp;retornable en ning\u00fan caso.<\/p>\n\n\n\n<p>Si quisieras a\u00f1adir m\u00e1s fotograf\u00edas para completar tu reportaje, puedes hacerlo por 10\u20ac\/foto. Cada fotograf\u00eda adicional ser\u00e1 entregada en digital a m\u00e1xima resoluci\u00f3n y editada. NO entregamos nunca ning\u00fan archivo sin editar. Tampoco se entregan todas las fotograf\u00edas sin editar.&nbsp;<\/p>\n\n\n\n<div style=\"height:50px\" aria-hidden=\"true\" class=\"wp-block-spacer\"><\/div>\n\n\n\n<div style=\"height:50px\" aria-hidden=\"true\" class=\"wp-block-spacer\"><\/div>\n\n\n\n<figure class=\"wp-block-gallery has-nested-images columns-default is-cropped wp-block-gallery-2 is-layout-flex wp-block-gallery-is-layout-flex\"><\/figure>\n\n\n\n<figure class=\"wp-block-gallery has-nested-images columns-default is-cropped wp-block-gallery-3 is-layout-flex wp-block-gallery-is-layout-flex\">\n<figure class=\"wp-block-image size-large\"><img decoding=\"async\" width=\"1000\" height=\"667\" data-id=\"179\" src=\"https:\/\/kirstengomez.es\/v2\/wp-content\/uploads\/2023\/06\/axa-23.jpg\" alt=\"\" class=\"wp-image-179\" srcset=\"https:\/\/kirstengomez.es\/wp-content\/uploads\/2023\/06\/axa-23.jpg 1000w, https:\/\/kirstengomez.es\/wp-content\/uploads\/2023\/06\/axa-23-300x200.jpg 300w, https:\/\/kirstengomez.es\/wp-content\/uploads\/2023\/06\/axa-23-768x512.jpg 768w\" sizes=\"(max-width: 1000px) 100vw, 1000px\" \/><\/figure>\n\n\n\n<figure class=\"wp-block-image size-large\"><img decoding=\"async\" width=\"1000\" height=\"667\" data-id=\"202\" src=\"https:\/\/kirstengomez.es\/v2\/wp-content\/uploads\/2023\/06\/miriam-9.jpg\" alt=\"\" class=\"wp-image-202\" srcset=\"https:\/\/kirstengomez.es\/wp-content\/uploads\/2023\/06\/miriam-9.jpg 1000w, https:\/\/kirstengomez.es\/wp-content\/uploads\/2023\/06\/miriam-9-300x200.jpg 300w, https:\/\/kirstengomez.es\/wp-content\/uploads\/2023\/06\/miriam-9-768x512.jpg 768w\" sizes=\"(max-width: 1000px) 100vw, 1000px\" \/><\/figure>\n\n\n\n<figure class=\"wp-block-image size-large\"><img decoding=\"async\" width=\"1000\" height=\"667\" data-id=\"201\" src=\"https:\/\/kirstengomez.es\/v2\/wp-content\/uploads\/2023\/06\/laura-13.jpg\" alt=\"\" class=\"wp-image-201\" srcset=\"https:\/\/kirstengomez.es\/wp-content\/uploads\/2023\/06\/laura-13.jpg 1000w, https:\/\/kirstengomez.es\/wp-content\/uploads\/2023\/06\/laura-13-300x200.jpg 300w, https:\/\/kirstengomez.es\/wp-content\/uploads\/2023\/06\/laura-13-768x512.jpg 768w\" sizes=\"(max-width: 1000px) 100vw, 1000px\" \/><\/figure>\n\n\n\n<figure class=\"wp-block-image size-full\"><img decoding=\"async\" width=\"1000\" height=\"667\" data-id=\"203\" src=\"http:\/\/kirstengomez.es\/v2\/wp-content\/uploads\/2023\/06\/laura-27.jpg\" alt=\"\" class=\"wp-image-203\" srcset=\"https:\/\/kirstengomez.es\/wp-content\/uploads\/2023\/06\/laura-27.jpg 1000w, https:\/\/kirstengomez.es\/wp-content\/uploads\/2023\/06\/laura-27-300x200.jpg 300w, https:\/\/kirstengomez.es\/wp-content\/uploads\/2023\/06\/laura-27-768x512.jpg 768w\" sizes=\"(max-width: 1000px) 100vw, 1000px\" \/><\/figure>\n\n\n\n<figure class=\"wp-block-image size-large\"><img decoding=\"async\" width=\"1100\" height=\"733\" data-id=\"101\" src=\"https:\/\/kirstengomez.es\/v2\/wp-content\/uploads\/2023\/06\/EDYTA-11.jpg\" alt=\"\" class=\"wp-image-101\"\/><\/figure>\n\n\n\n<figure class=\"wp-block-image size-large\"><img decoding=\"async\" width=\"1024\" height=\"682\" data-id=\"99\" src=\"https:\/\/kirstengomez.es\/v2\/wp-content\/uploads\/2023\/06\/CS-23-1024x682.jpg\" alt=\"\" class=\"wp-image-99\" srcset=\"https:\/\/kirstengomez.es\/wp-content\/uploads\/2023\/06\/CS-23-1024x682.jpg 1024w, https:\/\/kirstengomez.es\/wp-content\/uploads\/2023\/06\/CS-23-300x200.jpg 300w, https:\/\/kirstengomez.es\/wp-content\/uploads\/2023\/06\/CS-23-768x512.jpg 768w, https:\/\/kirstengomez.es\/wp-content\/uploads\/2023\/06\/CS-23.jpg 1100w\" sizes=\"(max-width: 1024px) 100vw, 1024px\" \/><\/figure>\n\n\n\n<figure class=\"wp-block-image size-large\"><img decoding=\"async\" width=\"682\" height=\"1024\" data-id=\"7\" src=\"https:\/\/kirstengomez.es\/v2\/wp-content\/uploads\/2023\/05\/3450E66F-D78D-4BD2-9458-A0AF12C29BCB-682x1024.jpeg\" alt=\"\" class=\"wp-image-7\" srcset=\"https:\/\/kirstengomez.es\/wp-content\/uploads\/2023\/05\/3450E66F-D78D-4BD2-9458-A0AF12C29BCB-682x1024.jpeg 682w, https:\/\/kirstengomez.es\/wp-content\/uploads\/2023\/05\/3450E66F-D78D-4BD2-9458-A0AF12C29BCB-200x300.jpeg 200w, https:\/\/kirstengomez.es\/wp-content\/uploads\/2023\/05\/3450E66F-D78D-4BD2-9458-A0AF12C29BCB.jpeg 733w\" sizes=\"(max-width: 682px) 100vw, 682px\" \/><\/figure>\n\n\n\n<figure class=\"wp-block-image size-full\"><img decoding=\"async\" width=\"667\" height=\"1000\" data-id=\"204\" src=\"http:\/\/kirstengomez.es\/v2\/wp-content\/uploads\/2023\/06\/laura-32.jpg\" alt=\"\" class=\"wp-image-204\" srcset=\"https:\/\/kirstengomez.es\/wp-content\/uploads\/2023\/06\/laura-32.jpg 667w, https:\/\/kirstengomez.es\/wp-content\/uploads\/2023\/06\/laura-32-200x300.jpg 200w\" sizes=\"(max-width: 667px) 100vw, 667px\" \/><\/figure>\n\n\n\n<figure class=\"wp-block-image size-full\"><img decoding=\"async\" width=\"667\" height=\"1000\" data-id=\"191\" src=\"http:\/\/kirstengomez.es\/v2\/wp-content\/uploads\/2023\/06\/elia-5.jpg\" alt=\"\" class=\"wp-image-191\" srcset=\"https:\/\/kirstengomez.es\/wp-content\/uploads\/2023\/06\/elia-5.jpg 667w, https:\/\/kirstengomez.es\/wp-content\/uploads\/2023\/06\/elia-5-200x300.jpg 200w\" sizes=\"(max-width: 667px) 100vw, 667px\" \/><\/figure>\n\n\n\n<figure class=\"wp-block-image size-full\"><img decoding=\"async\" width=\"667\" height=\"1000\" data-id=\"205\" src=\"http:\/\/kirstengomez.es\/v2\/wp-content\/uploads\/2023\/06\/elia-3.jpg\" alt=\"\" class=\"wp-image-205\" srcset=\"https:\/\/kirstengomez.es\/wp-content\/uploads\/2023\/06\/elia-3.jpg 667w, https:\/\/kirstengomez.es\/wp-content\/uploads\/2023\/06\/elia-3-200x300.jpg 200w\" sizes=\"(max-width: 667px) 100vw, 667px\" \/><\/figure>\n\n\n\n<figure class=\"wp-block-image size-full\"><img decoding=\"async\" width=\"667\" height=\"1000\" data-id=\"182\" src=\"http:\/\/kirstengomez.es\/v2\/wp-content\/uploads\/2023\/06\/elia-14.jpg\" alt=\"\" class=\"wp-image-182\" srcset=\"https:\/\/kirstengomez.es\/wp-content\/uploads\/2023\/06\/elia-14.jpg 667w, https:\/\/kirstengomez.es\/wp-content\/uploads\/2023\/06\/elia-14-200x300.jpg 200w\" sizes=\"(max-width: 667px) 100vw, 667px\" \/><\/figure>\n\n\n\n<figure class=\"wp-block-image size-large\"><img decoding=\"async\" width=\"667\" height=\"1000\" data-id=\"181\" src=\"https:\/\/kirstengomez.es\/v2\/wp-content\/uploads\/2023\/06\/elia-2.jpg\" alt=\"\" class=\"wp-image-181\" srcset=\"https:\/\/kirstengomez.es\/wp-content\/uploads\/2023\/06\/elia-2.jpg 667w, https:\/\/kirstengomez.es\/wp-content\/uploads\/2023\/06\/elia-2-200x300.jpg 200w\" sizes=\"(max-width: 667px) 100vw, 667px\" \/><\/figure>\n\n\n\n<figure class=\"wp-block-image size-large\"><img decoding=\"async\" width=\"682\" height=\"1024\" data-id=\"189\" src=\"http:\/\/kirstengomez.es\/v2\/wp-content\/uploads\/2023\/06\/embarassats-17-682x1024.jpg\" alt=\"\" class=\"wp-image-189\" srcset=\"https:\/\/kirstengomez.es\/wp-content\/uploads\/2023\/06\/embarassats-17-682x1024.jpg 682w, https:\/\/kirstengomez.es\/wp-content\/uploads\/2023\/06\/embarassats-17-200x300.jpg 200w, https:\/\/kirstengomez.es\/wp-content\/uploads\/2023\/06\/embarassats-17.jpg 733w\" sizes=\"(max-width: 682px) 100vw, 682px\" \/><\/figure>\n\n\n\n<figure class=\"wp-block-image size-large\"><img decoding=\"async\" width=\"682\" height=\"1024\" data-id=\"190\" src=\"http:\/\/kirstengomez.es\/v2\/wp-content\/uploads\/2023\/06\/embarassats-15-682x1024.jpg\" alt=\"\" class=\"wp-image-190\" srcset=\"https:\/\/kirstengomez.es\/wp-content\/uploads\/2023\/06\/embarassats-15-682x1024.jpg 682w, https:\/\/kirstengomez.es\/wp-content\/uploads\/2023\/06\/embarassats-15-200x300.jpg 200w, https:\/\/kirstengomez.es\/wp-content\/uploads\/2023\/06\/embarassats-15.jpg 733w\" sizes=\"(max-width: 682px) 100vw, 682px\" \/><\/figure>\n\n\n\n<figure class=\"wp-block-image size-large\"><img decoding=\"async\" width=\"1000\" height=\"667\" data-id=\"184\" src=\"https:\/\/kirstengomez.es\/v2\/wp-content\/uploads\/2023\/06\/ariweb-1.jpg\" alt=\"\" class=\"wp-image-184\" srcset=\"https:\/\/kirstengomez.es\/wp-content\/uploads\/2023\/06\/ariweb-1.jpg 1000w, https:\/\/kirstengomez.es\/wp-content\/uploads\/2023\/06\/ariweb-1-300x200.jpg 300w, https:\/\/kirstengomez.es\/wp-content\/uploads\/2023\/06\/ariweb-1-768x512.jpg 768w\" sizes=\"(max-width: 1000px) 100vw, 1000px\" \/><\/figure>\n\n\n\n<figure class=\"wp-block-image size-full\"><img decoding=\"async\" width=\"1000\" height=\"667\" data-id=\"186\" src=\"http:\/\/kirstengomez.es\/v2\/wp-content\/uploads\/2023\/06\/dianaxavi-64.jpg\" alt=\"\" class=\"wp-image-186\" srcset=\"https:\/\/kirstengomez.es\/wp-content\/uploads\/2023\/06\/dianaxavi-64.jpg 1000w, https:\/\/kirstengomez.es\/wp-content\/uploads\/2023\/06\/dianaxavi-64-300x200.jpg 300w, https:\/\/kirstengomez.es\/wp-content\/uploads\/2023\/06\/dianaxavi-64-768x512.jpg 768w\" sizes=\"(max-width: 1000px) 100vw, 1000px\" \/><\/figure>\n\n\n\n<figure class=\"wp-block-image size-large\"><img decoding=\"async\" width=\"1024\" height=\"682\" data-id=\"207\" src=\"http:\/\/kirstengomez.es\/v2\/wp-content\/uploads\/2023\/06\/taniaembarazo-25-1024x682.jpg\" alt=\"\" class=\"wp-image-207\" srcset=\"https:\/\/kirstengomez.es\/wp-content\/uploads\/2023\/06\/taniaembarazo-25-1024x682.jpg 1024w, https:\/\/kirstengomez.es\/wp-content\/uploads\/2023\/06\/taniaembarazo-25-300x200.jpg 300w, https:\/\/kirstengomez.es\/wp-content\/uploads\/2023\/06\/taniaembarazo-25-768x512.jpg 768w, https:\/\/kirstengomez.es\/wp-content\/uploads\/2023\/06\/taniaembarazo-25.jpg 1100w\" sizes=\"(max-width: 1024px) 100vw, 1024px\" \/><\/figure>\n\n\n\n<figure class=\"wp-block-image size-large\"><img decoding=\"async\" width=\"1000\" height=\"667\" data-id=\"187\" src=\"https:\/\/kirstengomez.es\/v2\/wp-content\/uploads\/2023\/06\/embaras-17.jpg\" alt=\"\" class=\"wp-image-187\" srcset=\"https:\/\/kirstengomez.es\/wp-content\/uploads\/2023\/06\/embaras-17.jpg 1000w, https:\/\/kirstengomez.es\/wp-content\/uploads\/2023\/06\/embaras-17-300x200.jpg 300w, https:\/\/kirstengomez.es\/wp-content\/uploads\/2023\/06\/embaras-17-768x512.jpg 768w\" sizes=\"(max-width: 1000px) 100vw, 1000px\" \/><\/figure>\n\n\n\n<figure class=\"wp-block-image size-full\"><img decoding=\"async\" width=\"667\" height=\"1000\" data-id=\"183\" src=\"http:\/\/kirstengomez.es\/v2\/wp-content\/uploads\/2023\/06\/ariweb-5.jpg\" alt=\"\" class=\"wp-image-183\" srcset=\"https:\/\/kirstengomez.es\/wp-content\/uploads\/2023\/06\/ariweb-5.jpg 667w, https:\/\/kirstengomez.es\/wp-content\/uploads\/2023\/06\/ariweb-5-200x300.jpg 200w\" sizes=\"(max-width: 667px) 100vw, 667px\" \/><\/figure>\n\n\n\n<figure class=\"wp-block-image size-full\"><img decoding=\"async\" width=\"667\" height=\"1000\" data-id=\"199\" src=\"http:\/\/kirstengomez.es\/v2\/wp-content\/uploads\/2023\/06\/leicy-35.jpg\" alt=\"\" class=\"wp-image-199\" srcset=\"https:\/\/kirstengomez.es\/wp-content\/uploads\/2023\/06\/leicy-35.jpg 667w, https:\/\/kirstengomez.es\/wp-content\/uploads\/2023\/06\/leicy-35-200x300.jpg 200w\" sizes=\"(max-width: 667px) 100vw, 667px\" \/><\/figure>\n\n\n\n<figure class=\"wp-block-image size-full\"><img decoding=\"async\" width=\"667\" height=\"1000\" data-id=\"198\" src=\"http:\/\/kirstengomez.es\/v2\/wp-content\/uploads\/2023\/06\/nadine-37.jpg\" alt=\"\" class=\"wp-image-198\" srcset=\"https:\/\/kirstengomez.es\/wp-content\/uploads\/2023\/06\/nadine-37.jpg 667w, https:\/\/kirstengomez.es\/wp-content\/uploads\/2023\/06\/nadine-37-200x300.jpg 200w\" sizes=\"(max-width: 667px) 100vw, 667px\" \/><\/figure>\n\n\n\n<figure class=\"wp-block-image size-large\"><img decoding=\"async\" width=\"1000\" height=\"667\" data-id=\"192\" src=\"https:\/\/kirstengomez.es\/v2\/wp-content\/uploads\/2023\/06\/embarazoari-1.jpg\" alt=\"\" class=\"wp-image-192\" srcset=\"https:\/\/kirstengomez.es\/wp-content\/uploads\/2023\/06\/embarazoari-1.jpg 1000w, https:\/\/kirstengomez.es\/wp-content\/uploads\/2023\/06\/embarazoari-1-300x200.jpg 300w, https:\/\/kirstengomez.es\/wp-content\/uploads\/2023\/06\/embarazoari-1-768x512.jpg 768w\" sizes=\"(max-width: 1000px) 100vw, 1000px\" \/><\/figure>\n\n\n\n<figure class=\"wp-block-image size-large\"><img decoding=\"async\" width=\"1000\" height=\"667\" data-id=\"193\" src=\"https:\/\/kirstengomez.es\/v2\/wp-content\/uploads\/2023\/06\/dianaxavi-37.jpg\" alt=\"\" class=\"wp-image-193\" srcset=\"https:\/\/kirstengomez.es\/wp-content\/uploads\/2023\/06\/dianaxavi-37.jpg 1000w, https:\/\/kirstengomez.es\/wp-content\/uploads\/2023\/06\/dianaxavi-37-300x200.jpg 300w, https:\/\/kirstengomez.es\/wp-content\/uploads\/2023\/06\/dianaxavi-37-768x512.jpg 768w\" sizes=\"(max-width: 1000px) 100vw, 1000px\" \/><\/figure>\n\n\n\n<figure class=\"wp-block-image size-large\"><img decoding=\"async\" width=\"1000\" height=\"667\" data-id=\"194\" src=\"https:\/\/kirstengomez.es\/v2\/wp-content\/uploads\/2023\/06\/laura-3.jpg\" alt=\"\" class=\"wp-image-194\" srcset=\"https:\/\/kirstengomez.es\/wp-content\/uploads\/2023\/06\/laura-3.jpg 1000w, https:\/\/kirstengomez.es\/wp-content\/uploads\/2023\/06\/laura-3-300x200.jpg 300w, https:\/\/kirstengomez.es\/wp-content\/uploads\/2023\/06\/laura-3-768x512.jpg 768w\" sizes=\"(max-width: 1000px) 100vw, 1000px\" \/><\/figure>\n\n\n\n<figure class=\"wp-block-image size-large\"><img decoding=\"async\" width=\"1000\" height=\"667\" data-id=\"195\" src=\"https:\/\/kirstengomez.es\/v2\/wp-content\/uploads\/2023\/06\/laura-21.jpg\" alt=\"\" class=\"wp-image-195\" srcset=\"https:\/\/kirstengomez.es\/wp-content\/uploads\/2023\/06\/laura-21.jpg 1000w, https:\/\/kirstengomez.es\/wp-content\/uploads\/2023\/06\/laura-21-300x200.jpg 300w, https:\/\/kirstengomez.es\/wp-content\/uploads\/2023\/06\/laura-21-768x512.jpg 768w\" sizes=\"(max-width: 1000px) 100vw, 1000px\" \/><\/figure>\n\n\n\n<figure class=\"wp-block-image size-large\"><img decoding=\"async\" width=\"1000\" height=\"667\" data-id=\"196\" src=\"https:\/\/kirstengomez.es\/v2\/wp-content\/uploads\/2023\/06\/laura-23.jpg\" alt=\"\" class=\"wp-image-196\" srcset=\"https:\/\/kirstengomez.es\/wp-content\/uploads\/2023\/06\/laura-23.jpg 1000w, https:\/\/kirstengomez.es\/wp-content\/uploads\/2023\/06\/laura-23-300x200.jpg 300w, https:\/\/kirstengomez.es\/wp-content\/uploads\/2023\/06\/laura-23-768x512.jpg 768w\" sizes=\"(max-width: 1000px) 100vw, 1000px\" \/><\/figure>\n\n\n\n<figure class=\"wp-block-image size-large\"><img decoding=\"async\" width=\"1024\" height=\"682\" data-id=\"197\" src=\"http:\/\/kirstengomez.es\/v2\/wp-content\/uploads\/2023\/06\/embarassats-5-1024x682.jpg\" alt=\"\" class=\"wp-image-197\" srcset=\"https:\/\/kirstengomez.es\/wp-content\/uploads\/2023\/06\/embarassats-5-1024x682.jpg 1024w, https:\/\/kirstengomez.es\/wp-content\/uploads\/2023\/06\/embarassats-5-300x200.jpg 300w, https:\/\/kirstengomez.es\/wp-content\/uploads\/2023\/06\/embarassats-5-768x512.jpg 768w, https:\/\/kirstengomez.es\/wp-content\/uploads\/2023\/06\/embarassats-5.jpg 1100w\" sizes=\"(max-width: 1024px) 100vw, 1024px\" \/><\/figure>\n<\/figure>\n","protected":false},"excerpt":{"rendered":"<p>Las sesiones de embarazo son sesiones muy bonitas que vale la pena capturar, porque es un momento tan m\u00e1gico que merece un bonito recuerdo. Una mujer creando vida. Cuando hacer la sesi\u00f3n&nbsp; Las sesiones de embarazo se realizan entre las&nbsp;semanas 32&nbsp;y 35. De esta forma la barriga ya tendr\u00e1 una forma m\u00e1s redondeada y bonita, y t\u00fa no te sentir\u00e1s tan hinchada como en las \u00faltimas semanas de gestaci\u00f3n. Vestuario Dispongo de varios vestidos ideales para sesiones de embarazo, pero tambi\u00e9n puedes traer tu propio vestuario, con el que te sientas m\u00e1s c\u00f3moda y sea m\u00e1s acorde a tu estilo.&nbsp;<\/p>\n","protected":false},"author":1,"featured_media":0,"parent":0,"menu_order":0,"comment_status":"closed","ping_status":"closed","template":"","meta":{"footnotes":""},"class_list":["post-96","page","type-page","status-publish","hentry"],"_links":{"self":[{"href":"https:\/\/kirstengomez.es\/index.php?rest_route=\/wp\/v2\/pages\/96","targetHints":{"allow":["GET"]}}],"collection":[{"href":"https:\/\/kirstengomez.es\/index.php?rest_route=\/wp\/v2\/pages"}],"about":[{"href":"https:\/\/kirstengomez.es\/index.php?rest_route=\/wp\/v2\/types\/page"}],"author":[{"embeddable":true,"href":"https:\/\/kirstengomez.es\/index.php?rest_route=\/wp\/v2\/users\/1"}],"replies":[{"embeddable":true,"href":"https:\/\/kirstengomez.es\/index.php?rest_route=%2Fwp%2Fv2%2Fcomments&post=96"}],"version-history":[{"count":34,"href":"https:\/\/kirstengomez.es\/index.php?rest_route=\/wp\/v2\/pages\/96\/revisions"}],"predecessor-version":[{"id":1612,"href":"https:\/\/kirstengomez.es\/index.php?rest_route=\/wp\/v2\/pages\/96\/revisions\/1612"}],"wp:attachment":[{"href":"https:\/\/kirstengomez.es\/index.php?rest_route=%2Fwp%2Fv2%2Fmedia&parent=96"}],"curies":[{"name":"wp","href":"https:\/\/api.w.org\/{rel}","templated":true}]}}