{"id":51,"date":"2023-06-02T19:11:21","date_gmt":"2023-06-02T19:11:21","guid":{"rendered":"https:\/\/kirstengomez.es\/v2\/?page_id=51"},"modified":"2026-03-27T16:40:58","modified_gmt":"2026-03-27T16:40:58","slug":"newborn-2","status":"publish","type":"page","link":"https:\/\/kirstengomez.es\/?page_id=51&lang=es","title":{"rendered":"Newborn"},"content":{"rendered":"\n<p class=\"has-text-align-center\">Los <strong>primeros d\u00edas<\/strong> con tu beb\u00e9 <strong>son \u00fanicos<\/strong>. <\/p>\n\n\n\n<p class=\"has-text-align-center\">Todo es nuevo, intenso, fr\u00e1gil y precioso. <\/p>\n\n\n\n<p class=\"has-text-align-center\">Y en medio del cansancio, muchas veces no te das cuenta de lo importante que es parar y guardar ese momento. <\/p>\n\n\n\n<p class=\"has-text-align-center\">Estas sesiones est\u00e1n pensadas para eso: para que dentro de unos a\u00f1os puedas volver a sentirlo. <\/p>\n\n\n\n<p class=\"has-text-align-center\">Lo ideal para hacer este tipo de sesi\u00f3n es que sea durante los primeros <strong>5 y 15&nbsp;d\u00edas<\/strong> del beb\u00e9. Es necesario hacerla durante este per\u00edodo de tiempo porque cada d\u00eda que pasa est\u00e1n m\u00e1s despiertos, lo cual complica la tarea de dormir al beb\u00e9 para hacer la sesi\u00f3n.<\/p>\n\n\n\n<p class=\"has-text-align-center\">Despu\u00e9s de las dos semanas de edad, suelen aparecer los c\u00f3licos y eso provoca que el beb\u00e9 no pueda dormir con tanta facilidad.<\/p>\n\n\n\n<p class=\"has-text-align-center\">Esta sesi\u00f3n se realiza sin prisas, respetando el ritmo del beb\u00e9 en un ambiente c\u00e1lido y tranquilo. <\/p>\n\n\n\n<p class=\"has-text-align-center\">Im\u00e1genes <strong>naturales<\/strong>, <strong>delicadas<\/strong> y <strong>llenas de emoci\u00f3n<\/strong> que se convertir\u00e1n en parte de <strong>vuestra historia<\/strong>.<\/p>\n\n\n\n<p class=\"has-text-align-center has-seventh-color has-text-color has-link-color wp-elements-f00c3f3e13a5929f06404a14049e47cf\">Tambi\u00e9n me gusta muchos saber vuestros hobbies para adaptar la foto un poco a lo que os gusta y hacer m\u00e1s personal cada imagen. Pod\u00e9is traer algo personalizado a la sesi\u00f3n con su nombre. O alguna cosa que vosotros teng\u00e1is especial cari\u00f1o. Cualquier cosa que quer\u00e1is que el d\u00eda de ma\u00f1ana vuestro beb\u00e9 vea y diga <strong>\u201c\u00a1Anda mira yo era tan peque\u00f1ito como esto!\u201d<\/strong> Es algo que yo personalmente creo que hace mucha ilusi\u00f3n.<\/p>\n\n\n\n<div style=\"height:67px\" aria-hidden=\"true\" class=\"wp-block-spacer\"><\/div>\n\n\n\n<div class=\"wp-block-buttons is-content-justification-center is-layout-flex wp-container-core-buttons-is-layout-a89b3969 wp-block-buttons-is-layout-flex\">\n<div class=\"wp-block-button is-style-custombuttonstyle1\"><a class=\"wp-block-button__link wp-element-button\" href=\"https:\/\/formularios.adminphoto.com\/formularioreservacampos\/public\/f2b13ba6cc50366a\">Quiero reservar mi sesi\u00f3n<\/a><\/div>\n<\/div>\n\n\n\n<div style=\"height:40px\" aria-hidden=\"true\" class=\"wp-block-spacer\"><\/div>\n\n\n\n<figure class=\"wp-block-embed is-type-video is-provider-vimeo wp-block-embed-vimeo wp-embed-aspect-16-9 wp-has-aspect-ratio\"><div class=\"wp-block-embed__wrapper\">\n<iframe title=\"MAKING OF NEWBORN - Kirsten G\u00f3mez\" src=\"https:\/\/player.vimeo.com\/video\/709525891?dnt=1&amp;app_id=122963\" width=\"500\" height=\"281\" frameborder=\"0\" allow=\"autoplay; fullscreen; picture-in-picture; clipboard-write; encrypted-media; web-share\" referrerpolicy=\"strict-origin-when-cross-origin\"><\/iframe>\n<\/div><\/figure>\n\n\n\n<div style=\"height:50px\" aria-hidden=\"true\" class=\"wp-block-spacer\"><\/div>\n\n\n\n<h2 class=\"wp-block-heading has-text-color has-large-font-size\" style=\"color:#ca995c;font-style:normal;font-weight:500\"><strong>Lugar donde realizo la sesi\u00f3n<\/strong><\/h2>\n\n\n\n<figure class=\"wp-block-image size-full\"><img decoding=\"async\" width=\"1366\" height=\"495\" src=\"https:\/\/kirstengomez.es\/v2\/wp-content\/uploads\/2026\/03\/estudionewbornkirsten.jpg\" alt=\"\" class=\"wp-image-1853\" srcset=\"https:\/\/kirstengomez.es\/wp-content\/uploads\/2026\/03\/estudionewbornkirsten.jpg 1366w, https:\/\/kirstengomez.es\/wp-content\/uploads\/2026\/03\/estudionewbornkirsten-300x109.jpg 300w, https:\/\/kirstengomez.es\/wp-content\/uploads\/2026\/03\/estudionewbornkirsten-1024x371.jpg 1024w, https:\/\/kirstengomez.es\/wp-content\/uploads\/2026\/03\/estudionewbornkirsten-768x278.jpg 768w\" sizes=\"(max-width: 1366px) 100vw, 1366px\" \/><\/figure>\n\n\n\n<p>Tu sesi\u00f3n reci\u00e9n nacido, se realizar\u00e1 <strong>en mi estudio Girona<\/strong>. No hago sesiones en domicilios porque el estudio est\u00e1 acondicionado y pensado las sesiones de fotos con los beb\u00e9s y todo esta a mano.<\/p>\n\n\n\n<p>Estas sesiones se realizan de lunes a s\u00e1bado.<\/p>\n\n\n\n<p>En el estudio dispongo de gran variedad de atrezo en diferentes colores y diferentes objetos de decoraci\u00f3n que podr\u00e9is escoger durante la sesi\u00f3n o si quer\u00e9is pod\u00e9is buscar por mi Instagram o por la web lo que m\u00e1s os guste y envi\u00e1rmelo.&nbsp;<\/p>\n\n\n\n<p><\/p>\n\n\n\n<div style=\"height:50px\" aria-hidden=\"true\" class=\"wp-block-spacer\"><\/div>\n\n\n\n<p><\/p>\n\n\n\n<h2 class=\"wp-block-heading has-text-color has-large-font-size\" style=\"color:#ca995c;font-style:normal;font-weight:500\"><strong>Cuando reservar tu sesi\u00f3n de reci\u00e9n nacido<\/strong><\/h2>\n\n\n\n<p><\/p>\n\n\n\n<p>Antes de los primeros 15 d\u00edas. Despu\u00e9s de las dos semanas de edad, suelen aparecer los c\u00f3licos y eso provoca que el beb\u00e9 no pueda dormir con tanta facilidad. Debido a esto tambi\u00e9n es preferible escoger la hora de la sesi\u00f3n de ma\u00f1anas.&nbsp;<\/p>\n\n\n\n<p>La reserva la ten\u00e9is que hacer cuando haya nacido el beb\u00e9, ya que puede variar la fecha del nacimiento dependiendo de las circunstancias, prefiero hacer la reserva del d\u00eda a partir de su nacimiento, y de ah\u00ed escogemos el d\u00eda que os vaya mejor y se os adapte mejor a la vuestra nueva rutina. Hay que contar tambi\u00e9n que ser\u00e1 una semana de mucho papeleo.&nbsp;<\/p>\n\n\n\n<div style=\"height:50px\" aria-hidden=\"true\" class=\"wp-block-spacer\"><\/div>\n\n\n\n<h2 class=\"wp-block-heading has-text-color has-large-font-size\" style=\"color:#ca995c;font-style:normal;font-weight:500\"><strong>Vestuario y atrezzo<\/strong><\/h2>\n\n\n\n<figure class=\"wp-block-image size-large\"><img decoding=\"async\" width=\"1024\" height=\"455\" src=\"http:\/\/kirstengomez.es\/v2\/wp-content\/uploads\/2026\/03\/estudio-1-1024x455.jpg\" alt=\"\" class=\"wp-image-1845\" srcset=\"https:\/\/kirstengomez.es\/wp-content\/uploads\/2026\/03\/estudio-1-1024x455.jpg 1024w, https:\/\/kirstengomez.es\/wp-content\/uploads\/2026\/03\/estudio-1-300x133.jpg 300w, https:\/\/kirstengomez.es\/wp-content\/uploads\/2026\/03\/estudio-1-768x341.jpg 768w, https:\/\/kirstengomez.es\/wp-content\/uploads\/2026\/03\/estudio-1.jpg 1300w\" sizes=\"(max-width: 1024px) 100vw, 1024px\" \/><\/figure>\n\n\n\n<p>Podr\u00e9is escoger el vestuario de la sesi\u00f3n y el atrezo que quer\u00e1is para vuestra fotograf\u00eda. Lo pod\u00e9is hacer d\u00edas antes mirando las im\u00e1genes de referencia de Instagram o la web, o bien hacerlo el mismo d\u00eda de la sesi\u00f3n. Lo ideal es saber qu\u00e9 colores os gustan para poder ofreceros las diferentes opciones que hay. <\/p>\n\n\n\n<div style=\"height:14px\" aria-hidden=\"true\" class=\"wp-block-spacer\"><\/div>\n\n\n\n<figure class=\"wp-block-image size-large\"><img decoding=\"async\" width=\"1024\" height=\"254\" src=\"https:\/\/kirstengomez.es\/v2\/wp-content\/uploads\/2025\/01\/bannervestuariobeige-1024x254.jpg\" alt=\"\" class=\"wp-image-759\" srcset=\"https:\/\/kirstengomez.es\/wp-content\/uploads\/2025\/01\/bannervestuariobeige-1024x254.jpg 1024w, https:\/\/kirstengomez.es\/wp-content\/uploads\/2025\/01\/bannervestuariobeige-300x75.jpg 300w, https:\/\/kirstengomez.es\/wp-content\/uploads\/2025\/01\/bannervestuariobeige-768x191.jpg 768w, https:\/\/kirstengomez.es\/wp-content\/uploads\/2025\/01\/bannervestuariobeige-1536x382.jpg 1536w, https:\/\/kirstengomez.es\/wp-content\/uploads\/2025\/01\/bannervestuariobeige.jpg 1920w\" sizes=\"(max-width: 1024px) 100vw, 1024px\" \/><\/figure>\n\n\n\n<div style=\"height:40px\" aria-hidden=\"true\" class=\"wp-block-spacer\"><\/div>\n\n\n\n<h2 class=\"wp-block-heading has-text-color has-large-font-size\" style=\"color:#ca995c;font-style:normal;font-weight:500\"><strong>Tarifas y fechas<\/strong><\/h2>\n\n\n\n<p>Clicando en este enlace os reenviar\u00e1 en la agenda donde podr\u00e9is consultar las fechas y reservar vuestra cita.&nbsp;<\/p>\n\n\n\n<div style=\"height:25px\" aria-hidden=\"true\" class=\"wp-block-spacer\"><\/div>\n\n\n\n<div class=\"wp-block-buttons is-layout-flex wp-block-buttons-is-layout-flex\">\n<div class=\"wp-block-button is-style-custombuttonstyle1\"><a class=\"wp-block-button__link wp-element-button\" href=\"https:\/\/formularios.adminphoto.com\/formularioreservacampos\/public\/f2b13ba6cc50366a\">Reserva tu sesi\u00f3n ahora<\/a><\/div>\n<\/div>\n\n\n\n<div style=\"height:50px\" aria-hidden=\"true\" class=\"wp-block-spacer\"><\/div>\n\n\n\n<h2 class=\"wp-block-heading has-text-color has-large-font-size\" style=\"color:#ca995c;font-style:normal;font-weight:500\"><\/h2>\n\n\n\n<div style=\"height:50px\" aria-hidden=\"true\" class=\"wp-block-spacer\"><\/div>\n\n\n\n<h2 class=\"wp-block-heading has-text-color has-large-font-size\" style=\"color:#ca995c;font-style:normal;font-weight:500\"><strong>Tiempo de entrega<\/strong><\/h2>\n\n\n\n<p>El plazo de entrega del reportaje ser\u00e1 de 2 semanas despu\u00e9s del d\u00eda de la sesi\u00f3n. En caso de escoger productos como \u00e1lbumes, el plazo de entrega&nbsp;de este&nbsp;depender\u00e1 del tiempo de producci\u00f3n, que suele oscilar 8 d\u00edas h\u00e1biles.&nbsp;<\/p>\n\n\n\n<p>* El plazo de entrega puede verse alterado en fechas se\u00f1aladas como vacaciones, \u00e9poca de comuniones o&nbsp;Navidad.<\/p>\n\n\n\n<div style=\"height:50px\" aria-hidden=\"true\" class=\"wp-block-spacer\"><\/div>\n\n\n\n<h2 class=\"wp-block-heading is-style-customheadingstyle has-text-color has-large-font-size\" style=\"color:#ca995c;font-style:normal;font-weight:500\"><strong>Forma de pago<\/strong><\/h2>\n\n\n\n<p>Para la reserva de la sesi\u00f3n&nbsp;pido una paga y se\u00f1al. El resto del importe ser\u00e1 abonado en efectivo el mismo d\u00eda de la sesi\u00f3n, al finalizarla.&nbsp;O por transferencia. (no dispongo de Bizum)<\/p>\n\n\n\n<p>El importe de la reserva no es&nbsp;retornable en ning\u00fan caso.<\/p>\n\n\n\n<p>Si quisieras a\u00f1adir m\u00e1s fotograf\u00edas para completar tu reportaje, puedes hacerlo por 10\u20ac\/foto. Cada fotograf\u00eda adicional ser\u00e1 entregada en digital a m\u00e1xima resoluci\u00f3n y editada. NO entregamos nunca ning\u00fan archivo sin editar. Tampoco se entregan todas las fotograf\u00edas sin editar.&nbsp;<\/p>\n\n\n\n<div style=\"height:50px\" aria-hidden=\"true\" class=\"wp-block-spacer\"><\/div>\n\n\n\n<div style=\"height:50px\" aria-hidden=\"true\" class=\"wp-block-spacer\"><\/div>\n\n\n\n<figure class=\"wp-block-gallery has-nested-images columns-default is-cropped wp-block-gallery-1 is-layout-flex wp-block-gallery-is-layout-flex\">\n<figure class=\"wp-block-image size-large\"><img decoding=\"async\" width=\"1024\" height=\"683\" data-id=\"66\" src=\"http:\/\/kirstengomez.es\/v2\/wp-content\/uploads\/2023\/06\/NKIRSTEN-5-1024x683.jpg\" alt=\"\" class=\"wp-image-66\" srcset=\"https:\/\/kirstengomez.es\/wp-content\/uploads\/2023\/06\/NKIRSTEN-5-1024x683.jpg 1024w, https:\/\/kirstengomez.es\/wp-content\/uploads\/2023\/06\/NKIRSTEN-5-300x200.jpg 300w, https:\/\/kirstengomez.es\/wp-content\/uploads\/2023\/06\/NKIRSTEN-5-768x512.jpg 768w, https:\/\/kirstengomez.es\/wp-content\/uploads\/2023\/06\/NKIRSTEN-5-1536x1024.jpg 1536w, https:\/\/kirstengomez.es\/wp-content\/uploads\/2023\/06\/NKIRSTEN-5.jpg 1900w\" sizes=\"(max-width: 1024px) 100vw, 1024px\" \/><\/figure>\n\n\n\n<figure class=\"wp-block-image size-large\"><img decoding=\"async\" width=\"1024\" height=\"682\" data-id=\"927\" src=\"http:\/\/kirstengomez.es\/v2\/wp-content\/uploads\/2025\/01\/FOTOS-27-1024x682.jpg\" alt=\"\" class=\"wp-image-927\" srcset=\"https:\/\/kirstengomez.es\/wp-content\/uploads\/2025\/01\/FOTOS-27-1024x682.jpg 1024w, https:\/\/kirstengomez.es\/wp-content\/uploads\/2025\/01\/FOTOS-27-300x200.jpg 300w, https:\/\/kirstengomez.es\/wp-content\/uploads\/2025\/01\/FOTOS-27-768x512.jpg 768w, https:\/\/kirstengomez.es\/wp-content\/uploads\/2025\/01\/FOTOS-27.jpg 1100w\" sizes=\"(max-width: 1024px) 100vw, 1024px\" \/><\/figure>\n\n\n\n<figure class=\"wp-block-image size-large\"><img decoding=\"async\" width=\"1024\" height=\"683\" data-id=\"64\" src=\"https:\/\/kirstengomez.es\/v2\/wp-content\/uploads\/2023\/06\/NKIRSTEN-7-1024x683.jpg\" alt=\"\" class=\"wp-image-64\" srcset=\"https:\/\/kirstengomez.es\/wp-content\/uploads\/2023\/06\/NKIRSTEN-7-1024x683.jpg 1024w, https:\/\/kirstengomez.es\/wp-content\/uploads\/2023\/06\/NKIRSTEN-7-300x200.jpg 300w, https:\/\/kirstengomez.es\/wp-content\/uploads\/2023\/06\/NKIRSTEN-7-768x512.jpg 768w, https:\/\/kirstengomez.es\/wp-content\/uploads\/2023\/06\/NKIRSTEN-7-1536x1024.jpg 1536w, https:\/\/kirstengomez.es\/wp-content\/uploads\/2023\/06\/NKIRSTEN-7.jpg 1900w\" sizes=\"(max-width: 1024px) 100vw, 1024px\" \/><\/figure>\n\n\n\n<figure class=\"wp-block-image size-large\"><img decoding=\"async\" width=\"1024\" height=\"683\" data-id=\"65\" src=\"https:\/\/kirstengomez.es\/v2\/wp-content\/uploads\/2023\/06\/NKIRSTEN-4-1024x683.jpg\" alt=\"\" class=\"wp-image-65\" srcset=\"https:\/\/kirstengomez.es\/wp-content\/uploads\/2023\/06\/NKIRSTEN-4-1024x683.jpg 1024w, https:\/\/kirstengomez.es\/wp-content\/uploads\/2023\/06\/NKIRSTEN-4-300x200.jpg 300w, https:\/\/kirstengomez.es\/wp-content\/uploads\/2023\/06\/NKIRSTEN-4-768x512.jpg 768w, https:\/\/kirstengomez.es\/wp-content\/uploads\/2023\/06\/NKIRSTEN-4-1536x1024.jpg 1536w, https:\/\/kirstengomez.es\/wp-content\/uploads\/2023\/06\/NKIRSTEN-4.jpg 1900w\" sizes=\"(max-width: 1024px) 100vw, 1024px\" \/><\/figure>\n\n\n\n<figure class=\"wp-block-image size-large\"><img decoding=\"async\" width=\"1024\" height=\"683\" data-id=\"67\" src=\"http:\/\/kirstengomez.es\/v2\/wp-content\/uploads\/2023\/06\/NKIRSTEN-9-1024x683.jpg\" alt=\"\" class=\"wp-image-67\" srcset=\"https:\/\/kirstengomez.es\/wp-content\/uploads\/2023\/06\/NKIRSTEN-9-1024x683.jpg 1024w, https:\/\/kirstengomez.es\/wp-content\/uploads\/2023\/06\/NKIRSTEN-9-300x200.jpg 300w, https:\/\/kirstengomez.es\/wp-content\/uploads\/2023\/06\/NKIRSTEN-9-768x512.jpg 768w, https:\/\/kirstengomez.es\/wp-content\/uploads\/2023\/06\/NKIRSTEN-9-1536x1024.jpg 1536w, https:\/\/kirstengomez.es\/wp-content\/uploads\/2023\/06\/NKIRSTEN-9.jpg 1900w\" sizes=\"(max-width: 1024px) 100vw, 1024px\" \/><\/figure>\n\n\n\n<figure class=\"wp-block-image size-full\"><img decoding=\"async\" width=\"1000\" height=\"667\" data-id=\"52\" src=\"http:\/\/kirstengomez.es\/v2\/wp-content\/uploads\/2023\/06\/n-29.jpeg\" alt=\"\" class=\"wp-image-52\" srcset=\"https:\/\/kirstengomez.es\/wp-content\/uploads\/2023\/06\/n-29.jpeg 1000w, https:\/\/kirstengomez.es\/wp-content\/uploads\/2023\/06\/n-29-300x200.jpeg 300w, https:\/\/kirstengomez.es\/wp-content\/uploads\/2023\/06\/n-29-768x512.jpeg 768w\" sizes=\"(max-width: 1000px) 100vw, 1000px\" \/><\/figure>\n\n\n\n<figure class=\"wp-block-image size-large\"><img decoding=\"async\" width=\"1024\" height=\"682\" data-id=\"309\" src=\"http:\/\/kirstengomez.es\/v2\/wp-content\/uploads\/2023\/06\/HECTORNEWBORN-7-1024x682.jpg\" alt=\"\" class=\"wp-image-309\" srcset=\"https:\/\/kirstengomez.es\/wp-content\/uploads\/2023\/06\/HECTORNEWBORN-7-1024x682.jpg 1024w, https:\/\/kirstengomez.es\/wp-content\/uploads\/2023\/06\/HECTORNEWBORN-7-300x200.jpg 300w, https:\/\/kirstengomez.es\/wp-content\/uploads\/2023\/06\/HECTORNEWBORN-7-768x512.jpg 768w, https:\/\/kirstengomez.es\/wp-content\/uploads\/2023\/06\/HECTORNEWBORN-7.jpg 1100w\" sizes=\"(max-width: 1024px) 100vw, 1024px\" \/><\/figure>\n\n\n\n<figure class=\"wp-block-image size-large\"><img decoding=\"async\" width=\"1024\" height=\"683\" data-id=\"82\" src=\"http:\/\/kirstengomez.es\/v2\/wp-content\/uploads\/2023\/06\/NKIRSTEN-29-1024x683.jpg\" alt=\"\" class=\"wp-image-82\" srcset=\"https:\/\/kirstengomez.es\/wp-content\/uploads\/2023\/06\/NKIRSTEN-29-1024x683.jpg 1024w, https:\/\/kirstengomez.es\/wp-content\/uploads\/2023\/06\/NKIRSTEN-29-300x200.jpg 300w, https:\/\/kirstengomez.es\/wp-content\/uploads\/2023\/06\/NKIRSTEN-29-768x512.jpg 768w, https:\/\/kirstengomez.es\/wp-content\/uploads\/2023\/06\/NKIRSTEN-29-1536x1024.jpg 1536w, https:\/\/kirstengomez.es\/wp-content\/uploads\/2023\/06\/NKIRSTEN-29.jpg 1900w\" sizes=\"(max-width: 1024px) 100vw, 1024px\" \/><\/figure>\n\n\n\n<figure class=\"wp-block-image size-large\"><img decoding=\"async\" width=\"1024\" height=\"682\" data-id=\"930\" src=\"http:\/\/kirstengomez.es\/v2\/wp-content\/uploads\/2025\/01\/LUIFOTOS-41-1024x682.jpg\" alt=\"\" class=\"wp-image-930\" srcset=\"https:\/\/kirstengomez.es\/wp-content\/uploads\/2025\/01\/LUIFOTOS-41-1024x682.jpg 1024w, https:\/\/kirstengomez.es\/wp-content\/uploads\/2025\/01\/LUIFOTOS-41-300x200.jpg 300w, https:\/\/kirstengomez.es\/wp-content\/uploads\/2025\/01\/LUIFOTOS-41-768x512.jpg 768w, https:\/\/kirstengomez.es\/wp-content\/uploads\/2025\/01\/LUIFOTOS-41.jpg 1100w\" sizes=\"(max-width: 1024px) 100vw, 1024px\" \/><\/figure>\n\n\n\n<figure class=\"wp-block-image size-large\"><img decoding=\"async\" width=\"1024\" height=\"682\" data-id=\"929\" src=\"http:\/\/kirstengomez.es\/v2\/wp-content\/uploads\/2025\/01\/LUIFOTOS-65-1024x682.jpg\" alt=\"\" class=\"wp-image-929\" srcset=\"https:\/\/kirstengomez.es\/wp-content\/uploads\/2025\/01\/LUIFOTOS-65-1024x682.jpg 1024w, https:\/\/kirstengomez.es\/wp-content\/uploads\/2025\/01\/LUIFOTOS-65-300x200.jpg 300w, https:\/\/kirstengomez.es\/wp-content\/uploads\/2025\/01\/LUIFOTOS-65-768x512.jpg 768w, https:\/\/kirstengomez.es\/wp-content\/uploads\/2025\/01\/LUIFOTOS-65.jpg 1100w\" sizes=\"(max-width: 1024px) 100vw, 1024px\" \/><\/figure>\n\n\n\n<figure class=\"wp-block-image size-large\"><img decoding=\"async\" width=\"1024\" height=\"683\" data-id=\"86\" src=\"http:\/\/kirstengomez.es\/v2\/wp-content\/uploads\/2023\/06\/NKIRSTEN-22-1-1024x683.jpg\" alt=\"\" class=\"wp-image-86\" srcset=\"https:\/\/kirstengomez.es\/wp-content\/uploads\/2023\/06\/NKIRSTEN-22-1-1024x683.jpg 1024w, https:\/\/kirstengomez.es\/wp-content\/uploads\/2023\/06\/NKIRSTEN-22-1-300x200.jpg 300w, https:\/\/kirstengomez.es\/wp-content\/uploads\/2023\/06\/NKIRSTEN-22-1-768x512.jpg 768w, https:\/\/kirstengomez.es\/wp-content\/uploads\/2023\/06\/NKIRSTEN-22-1-1536x1024.jpg 1536w, https:\/\/kirstengomez.es\/wp-content\/uploads\/2023\/06\/NKIRSTEN-22-1.jpg 1900w\" sizes=\"(max-width: 1024px) 100vw, 1024px\" \/><\/figure>\n\n\n\n<figure class=\"wp-block-image size-large\"><img decoding=\"async\" width=\"1024\" height=\"683\" data-id=\"69\" src=\"http:\/\/kirstengomez.es\/v2\/wp-content\/uploads\/2023\/06\/NKIRSTEN-12-1024x683.jpg\" alt=\"\" class=\"wp-image-69\" srcset=\"https:\/\/kirstengomez.es\/wp-content\/uploads\/2023\/06\/NKIRSTEN-12-1024x683.jpg 1024w, https:\/\/kirstengomez.es\/wp-content\/uploads\/2023\/06\/NKIRSTEN-12-300x200.jpg 300w, https:\/\/kirstengomez.es\/wp-content\/uploads\/2023\/06\/NKIRSTEN-12-768x512.jpg 768w, https:\/\/kirstengomez.es\/wp-content\/uploads\/2023\/06\/NKIRSTEN-12-1536x1024.jpg 1536w, https:\/\/kirstengomez.es\/wp-content\/uploads\/2023\/06\/NKIRSTEN-12.jpg 1900w\" sizes=\"(max-width: 1024px) 100vw, 1024px\" \/><\/figure>\n\n\n\n<figure class=\"wp-block-image size-large\"><img decoding=\"async\" width=\"1024\" height=\"683\" data-id=\"62\" src=\"http:\/\/kirstengomez.es\/v2\/wp-content\/uploads\/2023\/06\/NKIRSTEN-6-1024x683.jpg\" alt=\"\" class=\"wp-image-62\" srcset=\"https:\/\/kirstengomez.es\/wp-content\/uploads\/2023\/06\/NKIRSTEN-6-1024x683.jpg 1024w, https:\/\/kirstengomez.es\/wp-content\/uploads\/2023\/06\/NKIRSTEN-6-300x200.jpg 300w, https:\/\/kirstengomez.es\/wp-content\/uploads\/2023\/06\/NKIRSTEN-6-768x512.jpg 768w, https:\/\/kirstengomez.es\/wp-content\/uploads\/2023\/06\/NKIRSTEN-6-1536x1024.jpg 1536w, https:\/\/kirstengomez.es\/wp-content\/uploads\/2023\/06\/NKIRSTEN-6.jpg 1900w\" sizes=\"(max-width: 1024px) 100vw, 1024px\" \/><\/figure>\n\n\n\n<figure class=\"wp-block-image size-large\"><img decoding=\"async\" width=\"1024\" height=\"682\" data-id=\"928\" src=\"http:\/\/kirstengomez.es\/v2\/wp-content\/uploads\/2025\/01\/FOTOS-23-1024x682.jpg\" alt=\"\" class=\"wp-image-928\" srcset=\"https:\/\/kirstengomez.es\/wp-content\/uploads\/2025\/01\/FOTOS-23-1024x682.jpg 1024w, https:\/\/kirstengomez.es\/wp-content\/uploads\/2025\/01\/FOTOS-23-300x200.jpg 300w, https:\/\/kirstengomez.es\/wp-content\/uploads\/2025\/01\/FOTOS-23-768x512.jpg 768w, https:\/\/kirstengomez.es\/wp-content\/uploads\/2025\/01\/FOTOS-23.jpg 1100w\" sizes=\"(max-width: 1024px) 100vw, 1024px\" \/><\/figure>\n\n\n\n<figure class=\"wp-block-image size-large\"><img decoding=\"async\" width=\"1024\" height=\"683\" data-id=\"80\" src=\"https:\/\/kirstengomez.es\/v2\/wp-content\/uploads\/2023\/06\/NKIRSTEN-26-1024x683.jpg\" alt=\"\" class=\"wp-image-80\" srcset=\"https:\/\/kirstengomez.es\/wp-content\/uploads\/2023\/06\/NKIRSTEN-26-1024x683.jpg 1024w, https:\/\/kirstengomez.es\/wp-content\/uploads\/2023\/06\/NKIRSTEN-26-300x200.jpg 300w, https:\/\/kirstengomez.es\/wp-content\/uploads\/2023\/06\/NKIRSTEN-26-768x512.jpg 768w, https:\/\/kirstengomez.es\/wp-content\/uploads\/2023\/06\/NKIRSTEN-26-1536x1024.jpg 1536w, https:\/\/kirstengomez.es\/wp-content\/uploads\/2023\/06\/NKIRSTEN-26.jpg 1900w\" sizes=\"(max-width: 1024px) 100vw, 1024px\" \/><\/figure>\n\n\n\n<figure class=\"wp-block-image size-large\"><img decoding=\"async\" width=\"1024\" height=\"683\" data-id=\"73\" src=\"http:\/\/kirstengomez.es\/v2\/wp-content\/uploads\/2023\/06\/NKIRSTEN-20-1024x683.jpg\" alt=\"\" class=\"wp-image-73\" srcset=\"https:\/\/kirstengomez.es\/wp-content\/uploads\/2023\/06\/NKIRSTEN-20-1024x683.jpg 1024w, https:\/\/kirstengomez.es\/wp-content\/uploads\/2023\/06\/NKIRSTEN-20-300x200.jpg 300w, https:\/\/kirstengomez.es\/wp-content\/uploads\/2023\/06\/NKIRSTEN-20-768x512.jpg 768w, https:\/\/kirstengomez.es\/wp-content\/uploads\/2023\/06\/NKIRSTEN-20-1536x1024.jpg 1536w, https:\/\/kirstengomez.es\/wp-content\/uploads\/2023\/06\/NKIRSTEN-20.jpg 1900w\" sizes=\"(max-width: 1024px) 100vw, 1024px\" \/><\/figure>\n\n\n\n<figure class=\"wp-block-image size-large\"><img decoding=\"async\" width=\"1024\" height=\"683\" data-id=\"74\" src=\"http:\/\/kirstengomez.es\/v2\/wp-content\/uploads\/2023\/06\/NKIRSTEN-21-1024x683.jpg\" alt=\"\" class=\"wp-image-74\" srcset=\"https:\/\/kirstengomez.es\/wp-content\/uploads\/2023\/06\/NKIRSTEN-21-1024x683.jpg 1024w, https:\/\/kirstengomez.es\/wp-content\/uploads\/2023\/06\/NKIRSTEN-21-300x200.jpg 300w, https:\/\/kirstengomez.es\/wp-content\/uploads\/2023\/06\/NKIRSTEN-21-768x512.jpg 768w, https:\/\/kirstengomez.es\/wp-content\/uploads\/2023\/06\/NKIRSTEN-21-1536x1024.jpg 1536w, https:\/\/kirstengomez.es\/wp-content\/uploads\/2023\/06\/NKIRSTEN-21.jpg 1900w\" sizes=\"(max-width: 1024px) 100vw, 1024px\" \/><\/figure>\n\n\n\n<figure class=\"wp-block-image size-large\"><img decoding=\"async\" width=\"1024\" height=\"682\" data-id=\"25\" src=\"http:\/\/kirstengomez.es\/v2\/wp-content\/uploads\/2023\/06\/LIA-17-1024x682.jpg\" alt=\"\" class=\"wp-image-25\" srcset=\"https:\/\/kirstengomez.es\/wp-content\/uploads\/2023\/06\/LIA-17-1024x682.jpg 1024w, https:\/\/kirstengomez.es\/wp-content\/uploads\/2023\/06\/LIA-17-300x200.jpg 300w, https:\/\/kirstengomez.es\/wp-content\/uploads\/2023\/06\/LIA-17-768x512.jpg 768w, https:\/\/kirstengomez.es\/wp-content\/uploads\/2023\/06\/LIA-17.jpg 1100w\" sizes=\"(max-width: 1024px) 100vw, 1024px\" \/><\/figure>\n<\/figure>\n\n\n\n<p><\/p>\n","protected":false},"excerpt":{"rendered":"<p>Los primeros d\u00edas con tu beb\u00e9 son \u00fanicos. Todo es nuevo, intenso, fr\u00e1gil y precioso. Y en medio del cansancio, muchas veces no te das cuenta de lo importante que es parar y guardar ese momento. Estas sesiones est\u00e1n pensadas para eso: para que dentro de unos a\u00f1os puedas volver a sentirlo. Lo ideal para hacer este tipo de sesi\u00f3n es que sea durante los primeros 5 y 15&nbsp;d\u00edas del beb\u00e9. Es necesario hacerla durante este per\u00edodo de tiempo porque cada d\u00eda que pasa est\u00e1n m\u00e1s despiertos, lo cual complica la tarea de dormir al beb\u00e9 para hacer la sesi\u00f3n.<\/p>\n","protected":false},"author":1,"featured_media":302,"parent":0,"menu_order":0,"comment_status":"closed","ping_status":"closed","template":"","meta":{"footnotes":""},"class_list":["post-51","page","type-page","status-publish","has-post-thumbnail","hentry"],"_links":{"self":[{"href":"https:\/\/kirstengomez.es\/index.php?rest_route=\/wp\/v2\/pages\/51","targetHints":{"allow":["GET"]}}],"collection":[{"href":"https:\/\/kirstengomez.es\/index.php?rest_route=\/wp\/v2\/pages"}],"about":[{"href":"https:\/\/kirstengomez.es\/index.php?rest_route=\/wp\/v2\/types\/page"}],"author":[{"embeddable":true,"href":"https:\/\/kirstengomez.es\/index.php?rest_route=\/wp\/v2\/users\/1"}],"replies":[{"embeddable":true,"href":"https:\/\/kirstengomez.es\/index.php?rest_route=%2Fwp%2Fv2%2Fcomments&post=51"}],"version-history":[{"count":42,"href":"https:\/\/kirstengomez.es\/index.php?rest_route=\/wp\/v2\/pages\/51\/revisions"}],"predecessor-version":[{"id":1855,"href":"https:\/\/kirstengomez.es\/index.php?rest_route=\/wp\/v2\/pages\/51\/revisions\/1855"}],"wp:featuredmedia":[{"embeddable":true,"href":"https:\/\/kirstengomez.es\/index.php?rest_route=\/wp\/v2\/media\/302"}],"wp:attachment":[{"href":"https:\/\/kirstengomez.es\/index.php?rest_route=%2Fwp%2Fv2%2Fmedia&parent=51"}],"curies":[{"name":"wp","href":"https:\/\/api.w.org\/{rel}","templated":true}]}}