{"id":215,"date":"2023-06-05T10:28:58","date_gmt":"2023-06-05T10:28:58","guid":{"rendered":"https:\/\/kirstengomez.es\/v2\/?page_id=215"},"modified":"2026-03-24T16:04:09","modified_gmt":"2026-03-24T16:04:09","slug":"infantil","status":"publish","type":"page","link":"https:\/\/kirstengomez.es\/?page_id=215","title":{"rendered":"Infantil"},"content":{"rendered":"\n<p class=\"has-seventh-color has-text-color has-link-color has-normal-font-size wp-elements-cf22697d238fce042d428aff78e6c2db\"><strong>Sesiones a ni\u00f1os a partir de 4 a\u00f1os.<\/strong><\/p>\n\n\n\n<p>No puedo detener el tiempo pero si puedo hacer que esa carita quede reflejada en una preciosa fotograf\u00eda que superar\u00e1 cualquier barrera de espacio\/tiempo.&nbsp;<\/p>\n\n\n\n<p>\u00bfQuieres que se detenga el tiempo en esa carita que te tiene enamorada?<\/p>\n\n\n\n<div style=\"height:50px\" aria-hidden=\"true\" class=\"wp-block-spacer\"><\/div>\n\n\n\n<h4 class=\"wp-block-heading has-third-color has-text-color has-large-font-size\" style=\"font-style:normal;font-weight:700\"><strong>C\u00f3mo es la sesi\u00f3n y donde se realiza<\/strong><\/h4>\n\n\n\n<p><\/p>\n\n\n\n<p>Hago varios cambios de escenario y diferente atrezo para hacer diferentes fotograf\u00edas de una misma sesi\u00f3n y tener variedad para escoger.<\/p>\n\n\n\n<p>Si pod\u00e9is enviarme una fotito del conjuntito para que pueda saber que decorados pensar para la sesi\u00f3n \u00a1ser\u00eda maravilloso!&nbsp;&nbsp;<\/p>\n\n\n\n<p>Estas sesiones las realizo en mi estudio o en exterior.<\/p>\n\n\n\n<div style=\"height:50px\" aria-hidden=\"true\" class=\"wp-block-spacer\"><\/div>\n\n\n\n<h4 class=\"wp-block-heading has-third-color has-text-color has-large-font-size\" style=\"font-style:normal;font-weight:700\">Vestuario<\/h4>\n\n\n\n<p>Para este tipo de sesi\u00f3n tienes que traer el vestuario porque no dispongo de ropa para todas las edades. Pod\u00e9is escoger hasta&nbsp;<strong>3 cambios de ropa<\/strong>&nbsp;para tener variedad en las fotograf\u00edas.&nbsp;<\/p>\n\n\n\n<div style=\"height:50px\" aria-hidden=\"true\" class=\"wp-block-spacer\"><\/div>\n\n\n\n<h4 class=\"wp-block-heading has-third-color has-text-color has-large-font-size\" style=\"font-style:normal;font-weight:700\">Tarifas y fechas<\/h4>\n\n\n\n<p>Clicando en este enlace os reenviar\u00e1 en la agenda donde podr\u00e9is consultar las fechas y reservar vuestra cita.&nbsp;<\/p>\n\n\n\n<p>Reserva tu sesi\u00f3n ahora<\/p>\n\n\n\n<div class=\"wp-block-buttons is-layout-flex wp-block-buttons-is-layout-flex\">\n<div class=\"wp-block-button is-style-custombuttonstyle1\"><a class=\"wp-block-button__link has-third-background-color has-background wp-element-button\" href=\"https:\/\/formularios.adminphoto.com\/formularioreservacampos\/public\/509cab58b1468fcc\">Reserva tu sesi\u00f3n ahora<\/a><\/div>\n<\/div>\n\n\n\n<div style=\"height:50px\" aria-hidden=\"true\" class=\"wp-block-spacer\"><\/div>\n\n\n\n<h4 class=\"wp-block-heading has-third-color has-text-color has-large-font-size\" style=\"font-style:normal;font-weight:700\">Tiempo de entrega<\/h4>\n\n\n\n<p>El plazo de entrega del reportaje ser\u00e1 de&nbsp;<strong>2 semanas despu\u00e9s<\/strong>&nbsp;del d\u00eda de la sesi\u00f3n. En caso de escoger productos como \u00e1lbumes, el plazo de entrega&nbsp;de este&nbsp;depender\u00e1 del tiempo de producci\u00f3n, que suele oscilar 8 d\u00edas h\u00e1biles.&nbsp;<\/p>\n\n\n\n<p>* El plazo de entrega puede verse alterado en fechas se\u00f1aladas como vacaciones, \u00e9poca de comuniones o&nbsp;Navidad.<\/p>\n\n\n\n<div style=\"height:50px\" aria-hidden=\"true\" class=\"wp-block-spacer\"><\/div>\n\n\n\n<h4 class=\"wp-block-heading has-third-color has-text-color has-large-font-size\" style=\"font-style:normal;font-weight:700\"><strong>\u200b<\/strong>&nbsp;Forma de pago<\/h4>\n\n\n\n<p>Para la reserva de la sesi\u00f3n&nbsp;pido una paga y se\u00f1al. El resto del importe ser\u00e1 abonado en efectivo el mismo d\u00eda de la sesi\u00f3n, al finalizarla.&nbsp;O por transferencia. (no dispongo de Bizum)<\/p>\n\n\n\n<p>El importe de la reserva no es&nbsp;retornable en ning\u00fan caso.<\/p>\n\n\n\n<p>Si quisieras a\u00f1adir m\u00e1s fotograf\u00edas para completar tu reportaje, puedes hacerlo por 10\u20ac\/foto. Cada fotograf\u00eda adicional ser\u00e1 entregada en digital a m\u00e1xima resoluci\u00f3n y editada. NO entregamos nunca ning\u00fan archivo sin editar. Tampoco se entregan todas las fotograf\u00edas sin editar.&nbsp;<\/p>\n\n\n\n<div style=\"height:25px\" aria-hidden=\"true\" class=\"wp-block-spacer\"><\/div>\n\n\n\n<p><\/p>\n\n\n\n<div style=\"height:50px\" aria-hidden=\"true\" class=\"wp-block-spacer\"><\/div>\n\n\n\n<figure class=\"wp-block-gallery has-nested-images columns-default is-cropped wp-block-gallery-1 is-layout-flex wp-block-gallery-is-layout-flex\">\n<figure class=\"wp-block-image size-large\"><img decoding=\"async\" width=\"682\" height=\"1024\" data-id=\"238\" src=\"http:\/\/kirstengomez.es\/v2\/wp-content\/uploads\/2023\/06\/IVET-34-682x1024.jpg\" alt=\"\" class=\"wp-image-238\" srcset=\"https:\/\/kirstengomez.es\/wp-content\/uploads\/2023\/06\/IVET-34-682x1024.jpg 682w, https:\/\/kirstengomez.es\/wp-content\/uploads\/2023\/06\/IVET-34-200x300.jpg 200w, https:\/\/kirstengomez.es\/wp-content\/uploads\/2023\/06\/IVET-34.jpg 733w\" sizes=\"(max-width: 682px) 100vw, 682px\" \/><\/figure>\n\n\n\n<figure class=\"wp-block-image size-large\"><img decoding=\"async\" width=\"682\" height=\"1024\" data-id=\"827\" src=\"https:\/\/kirstengomez.es\/v2\/wp-content\/uploads\/2025\/01\/FOTO-15-682x1024.jpg\" alt=\"\" class=\"wp-image-827\" srcset=\"https:\/\/kirstengomez.es\/wp-content\/uploads\/2025\/01\/FOTO-15-682x1024.jpg 682w, https:\/\/kirstengomez.es\/wp-content\/uploads\/2025\/01\/FOTO-15-200x300.jpg 200w, https:\/\/kirstengomez.es\/wp-content\/uploads\/2025\/01\/FOTO-15.jpg 733w\" sizes=\"(max-width: 682px) 100vw, 682px\" \/><\/figure>\n\n\n\n<figure class=\"wp-block-image size-large\"><img decoding=\"async\" width=\"683\" height=\"1024\" data-id=\"826\" src=\"https:\/\/kirstengomez.es\/v2\/wp-content\/uploads\/2025\/01\/ELIA-44-683x1024.jpg\" alt=\"\" class=\"wp-image-826\" srcset=\"https:\/\/kirstengomez.es\/wp-content\/uploads\/2025\/01\/ELIA-44-683x1024.jpg 683w, https:\/\/kirstengomez.es\/wp-content\/uploads\/2025\/01\/ELIA-44-200x300.jpg 200w, https:\/\/kirstengomez.es\/wp-content\/uploads\/2025\/01\/ELIA-44-768x1152.jpg 768w, https:\/\/kirstengomez.es\/wp-content\/uploads\/2025\/01\/ELIA-44.jpg 800w\" sizes=\"(max-width: 683px) 100vw, 683px\" \/><\/figure>\n\n\n\n<figure class=\"wp-block-image size-large\"><img decoding=\"async\" width=\"700\" height=\"467\" data-id=\"240\" src=\"https:\/\/kirstengomez.es\/v2\/wp-content\/uploads\/2023\/06\/familia-32.jpg\" alt=\"\" class=\"wp-image-240\" srcset=\"https:\/\/kirstengomez.es\/wp-content\/uploads\/2023\/06\/familia-32.jpg 700w, https:\/\/kirstengomez.es\/wp-content\/uploads\/2023\/06\/familia-32-300x200.jpg 300w\" sizes=\"(max-width: 700px) 100vw, 700px\" \/><\/figure>\n\n\n\n<figure class=\"wp-block-image size-large\"><img decoding=\"async\" width=\"700\" height=\"467\" data-id=\"241\" src=\"https:\/\/kirstengomez.es\/v2\/wp-content\/uploads\/2023\/06\/lizz-9.jpg\" alt=\"\" class=\"wp-image-241\" srcset=\"https:\/\/kirstengomez.es\/wp-content\/uploads\/2023\/06\/lizz-9.jpg 700w, https:\/\/kirstengomez.es\/wp-content\/uploads\/2023\/06\/lizz-9-300x200.jpg 300w\" sizes=\"(max-width: 700px) 100vw, 700px\" \/><\/figure>\n\n\n\n<figure class=\"wp-block-image size-large\"><img decoding=\"async\" width=\"1000\" height=\"667\" data-id=\"242\" src=\"https:\/\/kirstengomez.es\/v2\/wp-content\/uploads\/2023\/06\/familia-19.jpg\" alt=\"\" class=\"wp-image-242\" srcset=\"https:\/\/kirstengomez.es\/wp-content\/uploads\/2023\/06\/familia-19.jpg 1000w, https:\/\/kirstengomez.es\/wp-content\/uploads\/2023\/06\/familia-19-300x200.jpg 300w, https:\/\/kirstengomez.es\/wp-content\/uploads\/2023\/06\/familia-19-768x512.jpg 768w\" sizes=\"(max-width: 1000px) 100vw, 1000px\" \/><\/figure>\n\n\n\n<figure class=\"wp-block-image size-full\"><img decoding=\"async\" width=\"700\" height=\"467\" data-id=\"244\" src=\"http:\/\/kirstengomez.es\/v2\/wp-content\/uploads\/2023\/06\/aina-13.jpg\" alt=\"\" class=\"wp-image-244\" srcset=\"https:\/\/kirstengomez.es\/wp-content\/uploads\/2023\/06\/aina-13.jpg 700w, https:\/\/kirstengomez.es\/wp-content\/uploads\/2023\/06\/aina-13-300x200.jpg 300w\" sizes=\"(max-width: 700px) 100vw, 700px\" \/><\/figure>\n\n\n\n<figure class=\"wp-block-image size-full\"><img decoding=\"async\" width=\"700\" height=\"467\" data-id=\"245\" src=\"http:\/\/kirstengomez.es\/v2\/wp-content\/uploads\/2023\/06\/aina-30.jpg\" alt=\"\" class=\"wp-image-245\" srcset=\"https:\/\/kirstengomez.es\/wp-content\/uploads\/2023\/06\/aina-30.jpg 700w, https:\/\/kirstengomez.es\/wp-content\/uploads\/2023\/06\/aina-30-300x200.jpg 300w\" sizes=\"(max-width: 700px) 100vw, 700px\" \/><\/figure>\n\n\n\n<figure class=\"wp-block-image size-full\"><img decoding=\"async\" width=\"700\" height=\"467\" data-id=\"243\" src=\"http:\/\/kirstengomez.es\/v2\/wp-content\/uploads\/2023\/06\/aina-8.jpg\" alt=\"\" class=\"wp-image-243\" srcset=\"https:\/\/kirstengomez.es\/wp-content\/uploads\/2023\/06\/aina-8.jpg 700w, https:\/\/kirstengomez.es\/wp-content\/uploads\/2023\/06\/aina-8-300x200.jpg 300w\" sizes=\"(max-width: 700px) 100vw, 700px\" \/><\/figure>\n\n\n\n<figure class=\"wp-block-image size-large\"><img decoding=\"async\" width=\"700\" height=\"394\" data-id=\"246\" src=\"https:\/\/kirstengomez.es\/v2\/wp-content\/uploads\/2023\/06\/aina-3.jpg\" alt=\"\" class=\"wp-image-246\" srcset=\"https:\/\/kirstengomez.es\/wp-content\/uploads\/2023\/06\/aina-3.jpg 700w, https:\/\/kirstengomez.es\/wp-content\/uploads\/2023\/06\/aina-3-300x169.jpg 300w\" sizes=\"(max-width: 700px) 100vw, 700px\" \/><\/figure>\n\n\n\n<figure class=\"wp-block-image size-large\"><img decoding=\"async\" width=\"1024\" height=\"683\" data-id=\"256\" src=\"http:\/\/kirstengomez.es\/v2\/wp-content\/uploads\/2023\/06\/fotos-4-1024x683.jpg\" alt=\"\" class=\"wp-image-256\" srcset=\"https:\/\/kirstengomez.es\/wp-content\/uploads\/2023\/06\/fotos-4-1024x683.jpg 1024w, https:\/\/kirstengomez.es\/wp-content\/uploads\/2023\/06\/fotos-4-300x200.jpg 300w, https:\/\/kirstengomez.es\/wp-content\/uploads\/2023\/06\/fotos-4-768x512.jpg 768w, https:\/\/kirstengomez.es\/wp-content\/uploads\/2023\/06\/fotos-4-1536x1024.jpg 1536w, https:\/\/kirstengomez.es\/wp-content\/uploads\/2023\/06\/fotos-4.jpg 1900w\" sizes=\"(max-width: 1024px) 100vw, 1024px\" \/><\/figure>\n\n\n\n<figure class=\"wp-block-image size-full\"><img decoding=\"async\" width=\"700\" height=\"467\" data-id=\"247\" src=\"http:\/\/kirstengomez.es\/v2\/wp-content\/uploads\/2023\/06\/aina-34.jpg\" alt=\"\" class=\"wp-image-247\" srcset=\"https:\/\/kirstengomez.es\/wp-content\/uploads\/2023\/06\/aina-34.jpg 700w, https:\/\/kirstengomez.es\/wp-content\/uploads\/2023\/06\/aina-34-300x200.jpg 300w\" sizes=\"(max-width: 700px) 100vw, 700px\" \/><\/figure>\n\n\n\n<figure class=\"wp-block-image size-full\"><img decoding=\"async\" width=\"700\" height=\"467\" data-id=\"250\" src=\"http:\/\/kirstengomez.es\/v2\/wp-content\/uploads\/2023\/06\/labykirsteng-10.jpg\" alt=\"\" class=\"wp-image-250\" srcset=\"https:\/\/kirstengomez.es\/wp-content\/uploads\/2023\/06\/labykirsteng-10.jpg 700w, https:\/\/kirstengomez.es\/wp-content\/uploads\/2023\/06\/labykirsteng-10-300x200.jpg 300w\" sizes=\"(max-width: 700px) 100vw, 700px\" \/><\/figure>\n\n\n\n<figure class=\"wp-block-image size-full\"><img decoding=\"async\" width=\"700\" height=\"467\" data-id=\"253\" src=\"http:\/\/kirstengomez.es\/v2\/wp-content\/uploads\/2023\/06\/labykirsteng-29.jpg\" alt=\"\" class=\"wp-image-253\" srcset=\"https:\/\/kirstengomez.es\/wp-content\/uploads\/2023\/06\/labykirsteng-29.jpg 700w, https:\/\/kirstengomez.es\/wp-content\/uploads\/2023\/06\/labykirsteng-29-300x200.jpg 300w\" sizes=\"(max-width: 700px) 100vw, 700px\" \/><\/figure>\n\n\n\n<figure class=\"wp-block-image size-full\"><img decoding=\"async\" width=\"700\" height=\"467\" data-id=\"255\" src=\"http:\/\/kirstengomez.es\/v2\/wp-content\/uploads\/2023\/06\/labykirsteng-33.jpg\" alt=\"\" class=\"wp-image-255\" srcset=\"https:\/\/kirstengomez.es\/wp-content\/uploads\/2023\/06\/labykirsteng-33.jpg 700w, https:\/\/kirstengomez.es\/wp-content\/uploads\/2023\/06\/labykirsteng-33-300x200.jpg 300w\" sizes=\"(max-width: 700px) 100vw, 700px\" \/><\/figure>\n<\/figure>\n\n\n\n<p><\/p>\n","protected":false},"excerpt":{"rendered":"<p>Sesiones a ni\u00f1os a partir de 4 a\u00f1os. No puedo detener el tiempo pero si puedo hacer que esa carita quede reflejada en una preciosa fotograf\u00eda que superar\u00e1 cualquier barrera de espacio\/tiempo.&nbsp; \u00bfQuieres que se detenga el tiempo en esa carita que te tiene enamorada? C\u00f3mo es la sesi\u00f3n y donde se realiza Hago varios cambios de escenario y diferente atrezo para hacer diferentes fotograf\u00edas de una misma sesi\u00f3n y tener variedad para escoger. Si pod\u00e9is enviarme una fotito del conjuntito para que pueda saber que decorados pensar para la sesi\u00f3n \u00a1ser\u00eda maravilloso!&nbsp;&nbsp; Estas sesiones las realizo en mi estudio<\/p>\n","protected":false},"author":1,"featured_media":0,"parent":0,"menu_order":0,"comment_status":"closed","ping_status":"closed","template":"wp-custom-template-infantil","meta":{"footnotes":""},"class_list":["post-215","page","type-page","status-publish","hentry"],"_links":{"self":[{"href":"https:\/\/kirstengomez.es\/index.php?rest_route=\/wp\/v2\/pages\/215","targetHints":{"allow":["GET"]}}],"collection":[{"href":"https:\/\/kirstengomez.es\/index.php?rest_route=\/wp\/v2\/pages"}],"about":[{"href":"https:\/\/kirstengomez.es\/index.php?rest_route=\/wp\/v2\/types\/page"}],"author":[{"embeddable":true,"href":"https:\/\/kirstengomez.es\/index.php?rest_route=\/wp\/v2\/users\/1"}],"replies":[{"embeddable":true,"href":"https:\/\/kirstengomez.es\/index.php?rest_route=%2Fwp%2Fv2%2Fcomments&post=215"}],"version-history":[{"count":15,"href":"https:\/\/kirstengomez.es\/index.php?rest_route=\/wp\/v2\/pages\/215\/revisions"}],"predecessor-version":[{"id":1618,"href":"https:\/\/kirstengomez.es\/index.php?rest_route=\/wp\/v2\/pages\/215\/revisions\/1618"}],"wp:attachment":[{"href":"https:\/\/kirstengomez.es\/index.php?rest_route=%2Fwp%2Fv2%2Fmedia&parent=215"}],"curies":[{"name":"wp","href":"https:\/\/api.w.org\/{rel}","templated":true}]}}