{"id":2990,"date":"2016-11-18T16:49:54","date_gmt":"2016-11-18T16:49:54","guid":{"rendered":"http:\/\/kirstengomez.es\/bodas\/?page_id=2990"},"modified":"2016-11-18T16:58:39","modified_gmt":"2016-11-18T16:58:39","slug":"info","status":"publish","type":"page","link":"http:\/\/kirstengomez.es\/bodas\/?page_id=2990","title":{"rendered":"INFO"},"content":{"rendered":"<h3 style=\"text-align: justify;\">MI FILOSOFIA<\/h3>\n<p style=\"text-align: justify;\">Procuro pasar desapercibida e intentar que no os d\u00e9is cuenta de mi pres\u00e9ncia. Me gustan las fotos naturales en las que vosotros y vuestros invitados est\u00e1is disfrutando del momento sin pensar que hay c\u00e1maras a vuestro alrededor. Me gusta plasmar la naturalidad. En la medida de lo posible el flash estar\u00e1 escondido as\u00ed que casi no os dar\u00e9is cuenta que os hago una foto. \u00a0Para que est\u00e1 naturalidad surja considero que nos hemos de conocer antes y tener una entrevista. Hemos de tener buen \u00abfeeling\u00bb porque en el d\u00eda de la boda eso se nota y se transmite. Soy una persona sencilla as\u00ed que no buscar\u00e9 \u00a0llevaros ha hacer cosas que no hag\u00e1is habitualmente, porque quiero que se\u00e1is vosotros mismos. Naturalidad 100% con un toque de creatividad.<\/p>\n<p style=\"text-align: justify;\">En mis reportajes me centro\u00a0sobretodo\u00a0en las emociones y en los detalles. Esas cosas que hacen especial aquel d\u00eda, esas fotos que os han de emocionar con el paso del tiempo. No entrego todas las fotos que hago, porque os entrego una selecci\u00f3n amena que todo el mundo puede ver y pasar un rato agradable. Y son fotos escogidas con precisi\u00f3n para representar ese instante de vuestra boda de la manera m\u00e1s bonita. Todas las im\u00e1genes que yo entrego est\u00e1n editadas por lo que tienen ese toque m\u00edo.<\/p>\n<h3 style=\"text-align: justify;\">JORNADA LABORAL<\/h3>\n<p style=\"text-align: justify;\">La jornada no tiene horarios, durante el d\u00eda de vuestra boda, desde que empez\u00e1is a prepararos hasta que acab\u00e1is bailando ah\u00ed estar\u00e9. Cuando considere que est\u00e1 el reportaje cubierto entonces dar\u00e9 por finalizado mi trabajo ese d\u00eda.<\/p>\n<h3>TIEMPO DE ENTREGA<\/h3>\n<p style=\"text-align: justify;\">Despu\u00e9s empieza la edici\u00f3n, en la cual ten\u00e9is que tener paciencia. Las cosas bien hechas no se hacen r\u00e1pido. Se hacen con cari\u00f1o y con la m\u00e1xima concentraci\u00f3n. Por lo que yo suelo tardar entre 6 o 12 meses. Os puedo garantizar que al final la espera vale la pena. Durante este per\u00edodo vosotros podr\u00e9is contactar conmigo y nos veremos antes para ver el \u00e1lbum. \u00a1Tranquilos! Lo ver\u00e9is conmigo antes de enviarlo a f\u00e1brica.<\/p>\n<h3 style=\"text-align: justify;\">RESERVA DE FECHA<\/h3>\n<p style=\"text-align: justify;\">Una vez realizada la entrevista, si me hab\u00e9is escogido, nos volveremos a reunir para firmar el contrato de servicio. De esta manera todo queda bien atado y una cosa menos de la que preocuparos hasta el d\u00eda de la boda. Se abonar\u00e1 un 20 %\u00a0del precio pactado. Unas semanas antes de la boda se realizar\u00e1 el 40% del importe pactado y a la entrega el importe restante 40%.<\/p>\n","protected":false},"excerpt":{"rendered":"<p>MI FILOSOFIA Procuro pasar desapercibida e intentar que no os d\u00e9is cuenta de mi pres\u00e9ncia. Me gustan las fotos naturales en las que vosotros y vuestros invitados est\u00e1is disfrutando del momento sin pensar que hay c\u00e1maras a vuestro alrededor. Me gusta plasmar la naturalidad. En la medida de lo posible el flash estar\u00e1 escondido as\u00ed&#8230;<\/p>\n","protected":false},"author":1,"featured_media":0,"parent":0,"menu_order":0,"comment_status":"open","ping_status":"open","template":"","meta":{"jetpack_post_was_ever_published":false,"footnotes":""},"class_list":["post-2990","page","type-page","status-publish","hentry"],"jetpack_sharing_enabled":true,"jetpack_shortlink":"https:\/\/wp.me\/P5ZDAn-Me","_links":{"self":[{"href":"http:\/\/kirstengomez.es\/bodas\/index.php?rest_route=\/wp\/v2\/pages\/2990","targetHints":{"allow":["GET"]}}],"collection":[{"href":"http:\/\/kirstengomez.es\/bodas\/index.php?rest_route=\/wp\/v2\/pages"}],"about":[{"href":"http:\/\/kirstengomez.es\/bodas\/index.php?rest_route=\/wp\/v2\/types\/page"}],"author":[{"embeddable":true,"href":"http:\/\/kirstengomez.es\/bodas\/index.php?rest_route=\/wp\/v2\/users\/1"}],"replies":[{"embeddable":true,"href":"http:\/\/kirstengomez.es\/bodas\/index.php?rest_route=%2Fwp%2Fv2%2Fcomments&post=2990"}],"version-history":[{"count":5,"href":"http:\/\/kirstengomez.es\/bodas\/index.php?rest_route=\/wp\/v2\/pages\/2990\/revisions"}],"predecessor-version":[{"id":2997,"href":"http:\/\/kirstengomez.es\/bodas\/index.php?rest_route=\/wp\/v2\/pages\/2990\/revisions\/2997"}],"wp:attachment":[{"href":"http:\/\/kirstengomez.es\/bodas\/index.php?rest_route=%2Fwp%2Fv2%2Fmedia&parent=2990"}],"curies":[{"name":"wp","href":"https:\/\/api.w.org\/{rel}","templated":true}]}}