{"id":1150,"date":"2015-05-29T10:02:39","date_gmt":"2015-05-29T10:02:39","guid":{"rendered":"http:\/\/kirstengomez.es\/bodas\/?page_id=1150"},"modified":"2016-11-29T18:19:19","modified_gmt":"2016-11-29T18:19:19","slug":"opiniones","status":"publish","type":"page","link":"http:\/\/kirstengomez.es\/bodas\/?page_id=1150","title":{"rendered":"OPINIONES"},"content":{"rendered":"<blockquote>\n<div style=\"text-align: justify; padding-left: 60px;\">Tenemos un recuerdo magn\u00edfico de nuestra boda, unas fotos fant\u00e1sticas con todos los detalles y un v\u00eddeo excelente recogiendo en pocos minutos un gran d\u00eda. Para nosotros una gran profesional y, sobre todo, una muy buena persona.<\/div>\n<p>&nbsp;<\/p>\n<p style=\"padding-left: 60px;\"><a href=\"https:\/\/i0.wp.com\/kirstengomez.es\/bodas\/wp-content\/uploads\/2016\/11\/postboda-21.jpg\"><img data-recalc-dims=\"1\" loading=\"lazy\" decoding=\"async\" data-attachment-id=\"2880\" data-permalink=\"http:\/\/kirstengomez.es\/bodas\/?attachment_id=2880\" data-orig-file=\"https:\/\/i0.wp.com\/kirstengomez.es\/bodas\/wp-content\/uploads\/2016\/11\/postboda-21.jpg?fit=700%2C467\" data-orig-size=\"700,467\" data-comments-opened=\"1\" data-image-meta=\"{&quot;aperture&quot;:&quot;2.5&quot;,&quot;credit&quot;:&quot;Kirsten Gomez&quot;,&quot;camera&quot;:&quot;Canon EOS 5D Mark III&quot;,&quot;caption&quot;:&quot;&quot;,&quot;created_timestamp&quot;:&quot;1444587197&quot;,&quot;copyright&quot;:&quot;&quot;,&quot;focal_length&quot;:&quot;50&quot;,&quot;iso&quot;:&quot;200&quot;,&quot;shutter_speed&quot;:&quot;0.008&quot;,&quot;title&quot;:&quot;&quot;,&quot;orientation&quot;:&quot;0&quot;}\" data-image-title=\"\" data-image-description=\"\" data-image-caption=\"\" data-large-file=\"https:\/\/i0.wp.com\/kirstengomez.es\/bodas\/wp-content\/uploads\/2016\/11\/postboda-21.jpg?fit=700%2C467\" class=\"alignnone wp-image-2880 size-full\" src=\"https:\/\/i0.wp.com\/kirstengomez.es\/bodas\/wp-content\/uploads\/2016\/11\/postboda-21.jpg?resize=700%2C467\" alt=\"\" width=\"700\" height=\"467\" srcset=\"https:\/\/i0.wp.com\/kirstengomez.es\/bodas\/wp-content\/uploads\/2016\/11\/postboda-21.jpg?w=700 700w, https:\/\/i0.wp.com\/kirstengomez.es\/bodas\/wp-content\/uploads\/2016\/11\/postboda-21.jpg?resize=300%2C200 300w, https:\/\/i0.wp.com\/kirstengomez.es\/bodas\/wp-content\/uploads\/2016\/11\/postboda-21.jpg?resize=500%2C334 500w\" sizes=\"auto, (max-width: 700px) 100vw, 700px\" \/><\/a><\/p>\n<div style=\"text-align: justify;\"><\/div>\n<p>&nbsp;<\/p>\n<div style=\"text-align: right;\"><strong>Edu\u00a0&amp;\u00a0Jenny<\/strong><\/div>\n<\/blockquote>\n<div><\/div>\n<p>&nbsp;<\/p>\n<blockquote>\n<div style=\"text-align: justify; padding-left: 10px;\">Mucha profesionalidad y unas fotos incre\u00edbles. Nos asesor\u00f3 des del primer momento y nos ayud\u00f3 y mucho en todo. Siempre ha contestado nuestras dudas y ha sabido proponernos lo m\u00e1s adecuado en cualquier caso. Estamos muy contentos y agradecidos. La recomendamos al 100%.<\/div>\n<p>&nbsp;<\/p>\n<p style=\"padding-left: 10px;\"><img data-recalc-dims=\"1\" loading=\"lazy\" decoding=\"async\" data-attachment-id=\"2530\" data-permalink=\"http:\/\/kirstengomez.es\/bodas\/?attachment_id=2530\" data-orig-file=\"https:\/\/i0.wp.com\/kirstengomez.es\/bodas\/wp-content\/uploads\/2015\/03\/mym-50.jpg?fit=700%2C467\" data-orig-size=\"700,467\" data-comments-opened=\"1\" data-image-meta=\"{&quot;aperture&quot;:&quot;3.5&quot;,&quot;credit&quot;:&quot;Kirsten G\\u00f3mez&quot;,&quot;camera&quot;:&quot;Canon EOS 5D Mark III&quot;,&quot;caption&quot;:&quot;&quot;,&quot;created_timestamp&quot;:&quot;1433617846&quot;,&quot;copyright&quot;:&quot;&quot;,&quot;focal_length&quot;:&quot;50&quot;,&quot;iso&quot;:&quot;200&quot;,&quot;shutter_speed&quot;:&quot;0.008&quot;,&quot;title&quot;:&quot;&quot;,&quot;orientation&quot;:&quot;0&quot;}\" data-image-title=\"I &amp;#038; V\" data-image-description=\"\" data-image-caption=\"\" data-large-file=\"https:\/\/i0.wp.com\/kirstengomez.es\/bodas\/wp-content\/uploads\/2015\/03\/mym-50.jpg?fit=700%2C467\" class=\"alignnone wp-image-2530 size-full\" src=\"https:\/\/i0.wp.com\/kirstengomez.es\/bodas\/wp-content\/uploads\/2015\/03\/mym-50.jpg?resize=700%2C467\" alt=\"\" width=\"700\" height=\"467\" srcset=\"https:\/\/i0.wp.com\/kirstengomez.es\/bodas\/wp-content\/uploads\/2015\/03\/mym-50.jpg?w=700 700w, https:\/\/i0.wp.com\/kirstengomez.es\/bodas\/wp-content\/uploads\/2015\/03\/mym-50.jpg?resize=300%2C200 300w, https:\/\/i0.wp.com\/kirstengomez.es\/bodas\/wp-content\/uploads\/2015\/03\/mym-50.jpg?resize=500%2C334 500w\" sizes=\"auto, (max-width: 700px) 100vw, 700px\" \/><\/p>\n<div style=\"text-align: justify;\"><\/div>\n<p>&nbsp;<\/p>\n<div style=\"text-align: right;\"><strong>Victor &amp; Irene<\/strong><\/div>\n<\/blockquote>\n<div><\/div>\n<p>&nbsp;<\/p>\n<blockquote>\n<div style=\"text-align: justify; padding-left: 10px;\">Acertamos 100%. Gran profesional, paciente, flexible, cuida al m\u00e1ximo los detalles y el resultado es excelente y de calidad. En todo momento nos hizo sentir c\u00f3modos, se nota que le gusta lo que hace. Muestra predisposici\u00f3n para que los novios queden contentos con el resultados y realiza las modificaciones posibles para que el \u00e1lbum sea 100% personalizado y a tu gusto. Volver\u00edamos a elegirla sin ninguna duda. Gracias por todo, Kirsten, sigue as\u00ed.<\/div>\n<p>&nbsp;<\/p>\n<p style=\"padding-left: 10px; text-align: justify;\"><img data-recalc-dims=\"1\" loading=\"lazy\" decoding=\"async\" data-attachment-id=\"2523\" data-permalink=\"http:\/\/kirstengomez.es\/bodas\/?attachment_id=2523\" data-orig-file=\"https:\/\/i0.wp.com\/kirstengomez.es\/bodas\/wp-content\/uploads\/2015\/03\/mym-43.jpg?fit=700%2C467\" data-orig-size=\"700,467\" data-comments-opened=\"1\" data-image-meta=\"{&quot;aperture&quot;:&quot;3.5&quot;,&quot;credit&quot;:&quot;Kirsten G\\u00f3mez&quot;,&quot;camera&quot;:&quot;Canon EOS 5D Mark III&quot;,&quot;caption&quot;:&quot;&quot;,&quot;created_timestamp&quot;:&quot;1437248622&quot;,&quot;copyright&quot;:&quot;&quot;,&quot;focal_length&quot;:&quot;50&quot;,&quot;iso&quot;:&quot;400&quot;,&quot;shutter_speed&quot;:&quot;0.008&quot;,&quot;title&quot;:&quot;&quot;,&quot;orientation&quot;:&quot;0&quot;}\" data-image-title=\"J &amp;#038; J\" data-image-description=\"\" data-image-caption=\"\" data-large-file=\"https:\/\/i0.wp.com\/kirstengomez.es\/bodas\/wp-content\/uploads\/2015\/03\/mym-43.jpg?fit=700%2C467\" class=\"wp-image-2523 size-full\" src=\"https:\/\/i0.wp.com\/kirstengomez.es\/bodas\/wp-content\/uploads\/2015\/03\/mym-43.jpg?resize=700%2C467\" alt=\"\" width=\"700\" height=\"467\" srcset=\"https:\/\/i0.wp.com\/kirstengomez.es\/bodas\/wp-content\/uploads\/2015\/03\/mym-43.jpg?w=700 700w, https:\/\/i0.wp.com\/kirstengomez.es\/bodas\/wp-content\/uploads\/2015\/03\/mym-43.jpg?resize=300%2C200 300w, https:\/\/i0.wp.com\/kirstengomez.es\/bodas\/wp-content\/uploads\/2015\/03\/mym-43.jpg?resize=500%2C334 500w\" sizes=\"auto, (max-width: 700px) 100vw, 700px\" \/><\/p>\n<div style=\"text-align: right;\"><strong>Joan &amp; Judith<\/strong><\/div>\n<p>&nbsp;<\/p>\n<div style=\"text-align: right;\"><\/div>\n<p>&nbsp;<\/p>\n<div style=\"text-align: justify;\"><\/div>\n<\/blockquote>\n<blockquote>\n<div style=\"text-align: justify; padding-left: 10px;\">Excelente profesional, ha reflejado los mejores momentos y mimado cada peque\u00f1o detalle de nuestra boda. Hace fotos art\u00edsticas y es creativa . Nos sentimos muy c\u00f3modos haciendo el reportaje. La recomiendo al 100%.<\/div>\n<p>&nbsp;<\/p>\n<p style=\"padding-left: 10px;\"><img data-recalc-dims=\"1\" loading=\"lazy\" decoding=\"async\" data-attachment-id=\"2949\" data-permalink=\"http:\/\/kirstengomez.es\/bodas\/?attachment_id=2949\" data-orig-file=\"https:\/\/i0.wp.com\/kirstengomez.es\/bodas\/wp-content\/uploads\/2015\/05\/love-2.jpg?fit=700%2C492\" data-orig-size=\"700,492\" data-comments-opened=\"1\" data-image-meta=\"{&quot;aperture&quot;:&quot;1.6&quot;,&quot;credit&quot;:&quot;Kirsten Gomez&quot;,&quot;camera&quot;:&quot;Canon EOS 5D Mark III&quot;,&quot;caption&quot;:&quot;&quot;,&quot;created_timestamp&quot;:&quot;1446910727&quot;,&quot;copyright&quot;:&quot;&quot;,&quot;focal_length&quot;:&quot;50&quot;,&quot;iso&quot;:&quot;320&quot;,&quot;shutter_speed&quot;:&quot;0.00125&quot;,&quot;title&quot;:&quot;&quot;,&quot;orientation&quot;:&quot;0&quot;}\" data-image-title=\"love-2\" data-image-description=\"\" data-image-caption=\"\" data-large-file=\"https:\/\/i0.wp.com\/kirstengomez.es\/bodas\/wp-content\/uploads\/2015\/05\/love-2.jpg?fit=700%2C492\" class=\" wp-image-2949 size-full alignnone\" src=\"https:\/\/i0.wp.com\/kirstengomez.es\/bodas\/wp-content\/uploads\/2015\/05\/love-2.jpg?resize=700%2C492\" alt=\"love-2\" width=\"700\" height=\"492\" srcset=\"https:\/\/i0.wp.com\/kirstengomez.es\/bodas\/wp-content\/uploads\/2015\/05\/love-2.jpg?w=700 700w, https:\/\/i0.wp.com\/kirstengomez.es\/bodas\/wp-content\/uploads\/2015\/05\/love-2.jpg?resize=300%2C211 300w, https:\/\/i0.wp.com\/kirstengomez.es\/bodas\/wp-content\/uploads\/2015\/05\/love-2.jpg?resize=500%2C351 500w\" sizes=\"auto, (max-width: 700px) 100vw, 700px\" \/><\/p>\n<div style=\"text-align: right;\"><strong>Sergi &amp; Elvira<\/strong><\/div>\n<p>&nbsp;<\/p>\n<blockquote><p><!--\n\n\n<div style=\"text-align: justify;padding-left: 10px;\">Kirsten supo desde el primer momento lo que nosotros quer\u00edamos. Contactamos con ella y vimos que realmente hac\u00eda y unas fotos preciosas, llenas de luz y naturalidad. Estuvo en todo momento y captur\u00f3 las fotos de manera que ni nos dimos cuenta de que estaba ah\u00ed. Ahora montaremos un \u00e1lbum con algunas fotos, Kirsten lo est\u00e1 realizando con mucho gusto.<\/div>\n\n\n&nbsp;\n\n<img loading=\"lazy\" decoding=\"async\" data-attachment-id=\"2527\" data-permalink=\"http:\/\/kirstengomez.es\/bodas\/?attachment_id=2527\" data-orig-file=\"https:\/\/i0.wp.com\/kirstengomez.es\/bodas\/wp-content\/uploads\/2015\/03\/mym-47.jpg?fit=700%2C467\" data-orig-size=\"700,467\" data-comments-opened=\"1\" data-image-meta=\"{&quot;aperture&quot;:&quot;3.5&quot;,&quot;credit&quot;:&quot;Kirsten G\\u00f3mez&quot;,&quot;camera&quot;:&quot;Canon EOS 5D Mark III&quot;,&quot;caption&quot;:&quot;&quot;,&quot;created_timestamp&quot;:&quot;1435438003&quot;,&quot;copyright&quot;:&quot;&quot;,&quot;focal_length&quot;:&quot;50&quot;,&quot;iso&quot;:&quot;250&quot;,&quot;shutter_speed&quot;:&quot;0.008&quot;,&quot;title&quot;:&quot;&quot;,&quot;orientation&quot;:&quot;0&quot;}\" data-image-title=\"J &amp;#038; J\" data-image-description=\"\" data-image-caption=\"\" data-large-file=\"https:\/\/i0.wp.com\/kirstengomez.es\/bodas\/wp-content\/uploads\/2015\/03\/mym-47.jpg?fit=700%2C467\" class=\" size-full wp-image-2527 aligncenter\" src=\"http:\/\/kirstengomez.es\/bodas\/wp-content\/uploads\/2015\/03\/mym-47.jpg\" alt=\"J &amp; J\" width=\"700\" height=\"467\" srcset=\"https:\/\/i0.wp.com\/kirstengomez.es\/bodas\/wp-content\/uploads\/2015\/03\/mym-47.jpg?w=700 700w, https:\/\/i0.wp.com\/kirstengomez.es\/bodas\/wp-content\/uploads\/2015\/03\/mym-47.jpg?resize=300%2C200 300w, https:\/\/i0.wp.com\/kirstengomez.es\/bodas\/wp-content\/uploads\/2015\/03\/mym-47.jpg?resize=500%2C334 500w\" sizes=\"auto, (max-width: 700px) 100vw, 700px\" \/>\n\n\n<div style=\"text-align: justify;\"><\/div>\n\n\n&nbsp;\n\n\n<div style=\"text-align: right;\"><strong>Jeru &amp; Jes\u00fas<\/strong><\/div>\n\n\n&nbsp;\n\n\n<div style=\"text-align: justify;\"><\/div>\n\n<\/blockquote>\n\n\n\n\n<div><\/div>\n\n\n--><\/p>\n<div style=\"text-align: justify; padding-left: 10px;\">Kirsten supo desde el primer momento lo que nosotros quer\u00edamos. Contactamos con ella y vimos que realmente hac\u00eda y unas fotos preciosas, llenas de luz y naturalidad. Estuvo en todo momento y captur\u00f3 las fotos de manera que ni nos dimos cuenta de que estaba ah\u00ed. Ahora montaremos un \u00e1lbum con algunas fotos, Kirsten lo est\u00e1 realizando con mucho gusto.<\/div>\n<p>&nbsp;<\/p>\n<p style=\"padding-left: 10px;\"><img data-recalc-dims=\"1\" loading=\"lazy\" decoding=\"async\" data-attachment-id=\"2530\" data-permalink=\"http:\/\/kirstengomez.es\/bodas\/?attachment_id=2530\" data-orig-file=\"https:\/\/i0.wp.com\/kirstengomez.es\/bodas\/wp-content\/uploads\/2015\/03\/mym-50.jpg?fit=700%2C467\" data-orig-size=\"700,467\" data-comments-opened=\"1\" data-image-meta=\"{&quot;aperture&quot;:&quot;3.5&quot;,&quot;credit&quot;:&quot;Kirsten G\\u00f3mez&quot;,&quot;camera&quot;:&quot;Canon EOS 5D Mark III&quot;,&quot;caption&quot;:&quot;&quot;,&quot;created_timestamp&quot;:&quot;1433617846&quot;,&quot;copyright&quot;:&quot;&quot;,&quot;focal_length&quot;:&quot;50&quot;,&quot;iso&quot;:&quot;200&quot;,&quot;shutter_speed&quot;:&quot;0.008&quot;,&quot;title&quot;:&quot;&quot;,&quot;orientation&quot;:&quot;0&quot;}\" data-image-title=\"I &amp;#038; V\" data-image-description=\"\" data-image-caption=\"\" data-large-file=\"https:\/\/i0.wp.com\/kirstengomez.es\/bodas\/wp-content\/uploads\/2015\/03\/mym-50.jpg?fit=700%2C467\" class=\"alignnone wp-image-2530 size-full\" src=\"https:\/\/i0.wp.com\/kirstengomez.es\/bodas\/wp-content\/uploads\/2015\/03\/mym-47.jpg?resize=700%2C467\" alt=\"J &amp; J\" width=\"700\" height=\"467\" \/><\/p>\n<div style=\"text-align: justify;\"><\/div>\n<p>&nbsp;<\/p>\n<div style=\"text-align: right;\"><strong>Jeru &amp; Jes\u00fas<\/strong><\/div>\n<\/blockquote>\n<div><\/div>\n<p>&nbsp;<\/p>\n<blockquote>\n<div style=\"text-align: justify;\">Cada sentimiento ha sido plasmado a trav\u00e9s de su c\u00e1mara. Tuvo paciencia a pesar del viento que hac\u00eda. Es una profesional de los pies a la cabeza, se nota que ama lo que hace. Sin duda, la recomiendo. Gracias, sin ti no podr\u00edamos revivir cada sensaci\u00f3n.<\/div>\n<p>&nbsp;<\/p>\n<div style=\"text-align: left;\"><img data-recalc-dims=\"1\" loading=\"lazy\" decoding=\"async\" data-attachment-id=\"2822\" data-permalink=\"http:\/\/kirstengomez.es\/bodas\/?attachment_id=2822\" data-orig-file=\"https:\/\/i0.wp.com\/kirstengomez.es\/bodas\/wp-content\/uploads\/2015\/03\/postboda-1.jpg?fit=700%2C467\" data-orig-size=\"700,467\" data-comments-opened=\"1\" data-image-meta=\"{&quot;aperture&quot;:&quot;2.8&quot;,&quot;credit&quot;:&quot;Kirsten G\\u00f3mez&quot;,&quot;camera&quot;:&quot;Canon EOS 5D Mark III&quot;,&quot;caption&quot;:&quot;&quot;,&quot;created_timestamp&quot;:&quot;1432408124&quot;,&quot;copyright&quot;:&quot;&quot;,&quot;focal_length&quot;:&quot;50&quot;,&quot;iso&quot;:&quot;250&quot;,&quot;shutter_speed&quot;:&quot;0.005&quot;,&quot;title&quot;:&quot;&quot;,&quot;orientation&quot;:&quot;0&quot;}\" data-image-title=\"\" data-image-description=\"\" data-image-caption=\"\" data-large-file=\"https:\/\/i0.wp.com\/kirstengomez.es\/bodas\/wp-content\/uploads\/2015\/03\/postboda-1.jpg?fit=700%2C467\" class=\"alignnone size-full wp-image-2822\" src=\"https:\/\/i0.wp.com\/kirstengomez.es\/bodas\/wp-content\/uploads\/2015\/03\/postboda-1.jpg?resize=700%2C467\" alt=\"\" width=\"700\" height=\"467\" srcset=\"https:\/\/i0.wp.com\/kirstengomez.es\/bodas\/wp-content\/uploads\/2015\/03\/postboda-1.jpg?w=700 700w, https:\/\/i0.wp.com\/kirstengomez.es\/bodas\/wp-content\/uploads\/2015\/03\/postboda-1.jpg?resize=300%2C200 300w, https:\/\/i0.wp.com\/kirstengomez.es\/bodas\/wp-content\/uploads\/2015\/03\/postboda-1.jpg?resize=500%2C334 500w\" sizes=\"auto, (max-width: 700px) 100vw, 700px\" \/><\/div>\n<p>&nbsp;<\/p>\n<div style=\"text-align: right;\"><strong>Jessica &amp; Axel<\/strong><\/div>\n<p>&nbsp;<\/p>\n<div style=\"text-align: right;\"><\/div>\n<p>&nbsp;<\/p>\n<div><\/div>\n<\/blockquote>\n<p>&nbsp;<\/p>\n<blockquote>\n<div style=\"text-align: justify;\">Muy profesional, cumplidora, efectiva, creativa, y muy bien cuidado todos los detalles; vaya que es lo suyo 100%. Cuando se hace lo que a uno le gusta se hace s\u00faper bien, y as\u00ed lo ha hecho ella. \u00a1Genial, simplemente genial!<\/div>\n<p>&nbsp;<\/p>\n<div style=\"text-align: left;\"><img data-recalc-dims=\"1\" loading=\"lazy\" decoding=\"async\" data-attachment-id=\"2948\" data-permalink=\"http:\/\/kirstengomez.es\/bodas\/?attachment_id=2948\" data-orig-file=\"https:\/\/i0.wp.com\/kirstengomez.es\/bodas\/wp-content\/uploads\/2015\/05\/ra-59.jpg?fit=900%2C600\" data-orig-size=\"900,600\" data-comments-opened=\"1\" data-image-meta=\"{&quot;aperture&quot;:&quot;2.8&quot;,&quot;credit&quot;:&quot;Kirsten G\\u00f3mez&quot;,&quot;camera&quot;:&quot;Canon EOS 5D Mark III&quot;,&quot;caption&quot;:&quot;&quot;,&quot;created_timestamp&quot;:&quot;1413117505&quot;,&quot;copyright&quot;:&quot;&quot;,&quot;focal_length&quot;:&quot;55&quot;,&quot;iso&quot;:&quot;100&quot;,&quot;shutter_speed&quot;:&quot;0.005&quot;,&quot;title&quot;:&quot;&quot;,&quot;orientation&quot;:&quot;0&quot;}\" data-image-title=\"ra-59\" data-image-description=\"\" data-image-caption=\"\" data-large-file=\"https:\/\/i0.wp.com\/kirstengomez.es\/bodas\/wp-content\/uploads\/2015\/05\/ra-59.jpg?fit=900%2C600\" class=\"alignnone wp-image-2948\" src=\"https:\/\/i0.wp.com\/kirstengomez.es\/bodas\/wp-content\/uploads\/2015\/05\/ra-59.jpg?resize=700%2C467\" alt=\"\" width=\"700\" height=\"467\" srcset=\"https:\/\/i0.wp.com\/kirstengomez.es\/bodas\/wp-content\/uploads\/2015\/05\/ra-59.jpg?w=900 900w, https:\/\/i0.wp.com\/kirstengomez.es\/bodas\/wp-content\/uploads\/2015\/05\/ra-59.jpg?resize=300%2C200 300w, https:\/\/i0.wp.com\/kirstengomez.es\/bodas\/wp-content\/uploads\/2015\/05\/ra-59.jpg?resize=800%2C533 800w, https:\/\/i0.wp.com\/kirstengomez.es\/bodas\/wp-content\/uploads\/2015\/05\/ra-59.jpg?resize=500%2C333 500w\" sizes=\"auto, (max-width: 700px) 100vw, 700px\" \/><\/div>\n<p>&nbsp;<\/p>\n<div style=\"text-align: right;\"><strong>Rub\u00e9n &amp; Aida<\/strong><\/div>\n<p>&nbsp;<\/p>\n<div style=\"text-align: right;\"><\/div>\n<p>&nbsp;<\/p>\n<div><\/div>\n<\/blockquote>\n<p>&nbsp;<\/p>\n<blockquote>\n<div style=\"text-align: justify;\">Una gran fot\u00f3grafa y una gran amiga. S\u00f3lo puedo decir mil gracias por formar parte de nuestro momento m\u00e1gico y hacer que esta magia pueda ser recordada por siempre. Esto es posible gracias a ti. Eres una profesional brutal, recomiendo a todos que no siga buscando fot\u00f3grafo, ya la ten\u00e9is y se llama Kirsten G\u00f3mez.<\/div>\n<p>&nbsp;<\/p>\n<div style=\"text-align: left;\"><img data-recalc-dims=\"1\" loading=\"lazy\" decoding=\"async\" data-attachment-id=\"2783\" data-permalink=\"http:\/\/kirstengomez.es\/bodas\/?attachment_id=2783\" data-orig-file=\"https:\/\/i0.wp.com\/kirstengomez.es\/bodas\/wp-content\/uploads\/2015\/03\/ceremonia-58.jpg?fit=700%2C438\" data-orig-size=\"700,438\" data-comments-opened=\"1\" data-image-meta=\"{&quot;aperture&quot;:&quot;4&quot;,&quot;credit&quot;:&quot;Kirsten G\\u00f3mez&quot;,&quot;camera&quot;:&quot;Canon EOS 5D Mark III&quot;,&quot;caption&quot;:&quot;&quot;,&quot;created_timestamp&quot;:&quot;1410635710&quot;,&quot;copyright&quot;:&quot;&quot;,&quot;focal_length&quot;:&quot;42&quot;,&quot;iso&quot;:&quot;200&quot;,&quot;shutter_speed&quot;:&quot;0.005&quot;,&quot;title&quot;:&quot;&quot;,&quot;orientation&quot;:&quot;0&quot;}\" data-image-title=\"E &amp;#038; E\" data-image-description=\"\" data-image-caption=\"\" data-large-file=\"https:\/\/i0.wp.com\/kirstengomez.es\/bodas\/wp-content\/uploads\/2015\/03\/ceremonia-58.jpg?fit=700%2C438\" class=\"alignnone size-full wp-image-2783\" src=\"https:\/\/i0.wp.com\/kirstengomez.es\/bodas\/wp-content\/uploads\/2015\/03\/ceremonia-58.jpg?resize=700%2C438\" alt=\"E &amp; E\" width=\"700\" height=\"438\" srcset=\"https:\/\/i0.wp.com\/kirstengomez.es\/bodas\/wp-content\/uploads\/2015\/03\/ceremonia-58.jpg?w=700 700w, https:\/\/i0.wp.com\/kirstengomez.es\/bodas\/wp-content\/uploads\/2015\/03\/ceremonia-58.jpg?resize=300%2C188 300w, https:\/\/i0.wp.com\/kirstengomez.es\/bodas\/wp-content\/uploads\/2015\/03\/ceremonia-58.jpg?resize=500%2C313 500w\" sizes=\"auto, (max-width: 700px) 100vw, 700px\" \/><\/div>\n<p>&nbsp;<\/p>\n<div style=\"text-align: right;\"><strong>Eduard &amp; Estel<\/strong><\/div>\n<p>&nbsp;<\/p>\n<div style=\"text-align: right;\"><\/div>\n<p>&nbsp;<\/p>\n<div style=\"text-align: justify;\"><\/div>\n<\/blockquote>\n<div><\/div>\n<p>&nbsp;<\/p>\n<blockquote>\n<div style=\"text-align: justify;\">Si buscas a alguien que inmortalice los sentimientos, que sepa conseguir hacer click en el momento ideal, que cuide los detalles como si de su boda se tratara, Kirsten es tu fot\u00f3grafa. No solo se trata de la calidad de la imagen sino de como acaba transmitiendo todo aquello que pas\u00f3. Reconozco que nosotros fuimos complicados ya que no quer\u00edamos posados ni fotos convencionales, pero a\u00fan as\u00ed el resultado fue fant\u00e1stico. La recomiendo al 100%.<\/div>\n<p>&nbsp;<\/p>\n<div style=\"text-align: left;\">\u00a0<img data-recalc-dims=\"1\" loading=\"lazy\" decoding=\"async\" data-attachment-id=\"2947\" data-permalink=\"http:\/\/kirstengomez.es\/bodas\/?attachment_id=2947\" data-orig-file=\"https:\/\/i0.wp.com\/kirstengomez.es\/bodas\/wp-content\/uploads\/2015\/05\/jm-1941.jpg?fit=700%2C467\" data-orig-size=\"700,467\" data-comments-opened=\"1\" data-image-meta=\"{&quot;aperture&quot;:&quot;2.8&quot;,&quot;credit&quot;:&quot;Kirsten G\\u00f3mez&quot;,&quot;camera&quot;:&quot;Canon EOS 5D Mark II&quot;,&quot;caption&quot;:&quot;&quot;,&quot;created_timestamp&quot;:&quot;1403379616&quot;,&quot;copyright&quot;:&quot;&quot;,&quot;focal_length&quot;:&quot;50&quot;,&quot;iso&quot;:&quot;100&quot;,&quot;shutter_speed&quot;:&quot;0.008&quot;,&quot;title&quot;:&quot;&quot;,&quot;orientation&quot;:&quot;1&quot;}\" data-image-title=\"jm-194\" data-image-description=\"\" data-image-caption=\"\" data-large-file=\"https:\/\/i0.wp.com\/kirstengomez.es\/bodas\/wp-content\/uploads\/2015\/05\/jm-1941.jpg?fit=700%2C467\" class=\"alignnone wp-image-2947 size-full\" src=\"https:\/\/i0.wp.com\/kirstengomez.es\/bodas\/wp-content\/uploads\/2015\/05\/jm-1941.jpg?resize=700%2C467\" alt=\"jm-194\" width=\"700\" height=\"467\" srcset=\"https:\/\/i0.wp.com\/kirstengomez.es\/bodas\/wp-content\/uploads\/2015\/05\/jm-1941.jpg?w=700 700w, https:\/\/i0.wp.com\/kirstengomez.es\/bodas\/wp-content\/uploads\/2015\/05\/jm-1941.jpg?resize=300%2C200 300w, https:\/\/i0.wp.com\/kirstengomez.es\/bodas\/wp-content\/uploads\/2015\/05\/jm-1941.jpg?resize=500%2C334 500w\" sizes=\"auto, (max-width: 700px) 100vw, 700px\" \/><\/div>\n<p>&nbsp;<\/p>\n<div style=\"text-align: right;\"><strong>Javi &amp; Marta<\/strong><\/div>\n<p>&nbsp;<\/p>\n<div style=\"text-align: justify;\"><\/div>\n<\/blockquote>\n<p><script src=\"http:\/\/cdn1.bodas.net\/_js\/wp-rated.js?v=4\" type=\"text\/javascript\"><\/script><\/p>\n<div id=\"wp-rated\"><\/div>\n<div><\/div>\n<div><\/div>\n<div><\/div>\n<div><\/div>\n<div><\/div>\n<div><\/div>\n<div><\/div>\n<p><script>\/\/ <![CDATA[\nwpShowRatedv2('41627');\n\/\/ ]]><\/script><\/p>\n<p><script src=\"http:\/\/cdn1.bodas.net\/js\/wp-widget.js\" type=\"text\/javascript\"><\/script><\/p>\n<div id=\"wp-widget-reviews\">\n<div id=\"wp-widget-preview\">Lee <a href=\"http:\/\/www.bodas.net\/fotografos\/kirsten-gomez--e41627\/opiniones\">nuestras recomendaciones<\/a> en \u00a0 <a href=\"http:\/\/www.bodas.net\"><img data-recalc-dims=\"1\" decoding=\"async\" src=\"https:\/\/i0.wp.com\/cdn1.bodas.net\/img\/logo_widget_es_ES.gif\" alt=\"\" \/><\/a><\/div>\n<p>&nbsp;\n<\/p><\/div>\n<p><script>\/\/ <![CDATA[\nwpShowReviews('41627');\n\/\/ ]]><\/script><\/p><\/blockquote>\n<p><script src=\"https:\/\/cdn1.bodas.net\/_js\/wp-rated.js?v=4\" type=\"text\/javascript\"><\/script><\/p>\n<div id=\"wp-rated\"><a title=\"Aconsejado en www.bodas.net\" href=\"https:\/\/www.bodas.net\/fotografos\/kirsten-gomez--e41627\"><img data-recalc-dims=\"1\" decoding=\"async\" id=\"wp-rated-img\" class=\" aligncenter\" src=\"https:\/\/i0.wp.com\/cdn1.bodas.net\/img\/badges\/2015\/badge-gold_es_ES.jpg?ssl=1\" alt=\"Recomendado en Bodas.net\" \/><\/a><\/div>\n<p><script>\/\/ <![CDATA[\nwpShowRatedv2('41627');\n\/\/ ]]><\/script><\/p>\n","protected":false},"excerpt":{"rendered":"<p>Tenemos un recuerdo magn\u00edfico de nuestra boda, unas fotos fant\u00e1sticas con todos los detalles y un v\u00eddeo excelente recogiendo en pocos minutos un gran d\u00eda. Para nosotros una gran profesional y, sobre todo, una muy buena persona. &nbsp; &nbsp; Edu\u00a0&amp;\u00a0Jenny &nbsp; Mucha profesionalidad y unas fotos incre\u00edbles. Nos asesor\u00f3 des del primer momento y nos&#8230;<\/p>\n","protected":false},"author":1,"featured_media":0,"parent":0,"menu_order":0,"comment_status":"open","ping_status":"closed","template":"","meta":{"jetpack_post_was_ever_published":false,"footnotes":""},"class_list":["post-1150","page","type-page","status-publish","hentry"],"jetpack_sharing_enabled":true,"jetpack_shortlink":"https:\/\/wp.me\/P5ZDAn-iy","_links":{"self":[{"href":"http:\/\/kirstengomez.es\/bodas\/index.php?rest_route=\/wp\/v2\/pages\/1150","targetHints":{"allow":["GET"]}}],"collection":[{"href":"http:\/\/kirstengomez.es\/bodas\/index.php?rest_route=\/wp\/v2\/pages"}],"about":[{"href":"http:\/\/kirstengomez.es\/bodas\/index.php?rest_route=\/wp\/v2\/types\/page"}],"author":[{"embeddable":true,"href":"http:\/\/kirstengomez.es\/bodas\/index.php?rest_route=\/wp\/v2\/users\/1"}],"replies":[{"embeddable":true,"href":"http:\/\/kirstengomez.es\/bodas\/index.php?rest_route=%2Fwp%2Fv2%2Fcomments&post=1150"}],"version-history":[{"count":17,"href":"http:\/\/kirstengomez.es\/bodas\/index.php?rest_route=\/wp\/v2\/pages\/1150\/revisions"}],"predecessor-version":[{"id":3173,"href":"http:\/\/kirstengomez.es\/bodas\/index.php?rest_route=\/wp\/v2\/pages\/1150\/revisions\/3173"}],"wp:attachment":[{"href":"http:\/\/kirstengomez.es\/bodas\/index.php?rest_route=%2Fwp%2Fv2%2Fmedia&parent=1150"}],"curies":[{"name":"wp","href":"https:\/\/api.w.org\/{rel}","templated":true}]}}