{"id":1013,"date":"2015-04-12T14:56:21","date_gmt":"2015-04-12T14:56:21","guid":{"rendered":"http:\/\/kirstengomez.es\/bodas\/?page_id=1013"},"modified":"2017-01-12T23:25:27","modified_gmt":"2017-01-12T23:25:27","slug":"entrega-2","status":"publish","type":"page","link":"http:\/\/kirstengomez.es\/bodas\/?page_id=1013","title":{"rendered":"L&#8217;Entrega"},"content":{"rendered":"<pre>Les meves entregues s\u00f3n sempre personalitzades, cada client \u00e9s diferent per aix\u00f2 cada parella t\u00e9 algo especial.<\/pre>\n<p style=\"text-align: justify;\">La maquetaci\u00f3 dels \u00e0lbums s\u00f3n senzilles, dono m\u00e9s import\u00e0ncia al que veritablement el val que s\u00f3n les vostres fotografies. Junts decidim\u00a0com quedar\u00e1\u00a0el resultat final i vosaltres tamb\u00e9 formeu part del resultat perqu\u00e8 al final us ha d&#8217;encantar. Junts escollim els acabats i materials. Les caixes per guardar-los, les bosses i tots els complements que vulgueu.<\/p>\n<h3>Tipus d&#8217;entrega:<\/h3>\n<ul>\n<li>\n<h5><span style=\"color: #915d34;\"><strong> DIGITAL<\/strong><\/span> (entrega fotos editades en format digital)<\/h5>\n<\/li>\n<\/ul>\n<p style=\"text-align: justify; padding-left: 30px;\">Per l&#8217;entrega de les fotografies en digital, s&#8217;entrega un pendrive amb\u00a0les fotos en alta qualitat\u00a0i sense marques d&#8217;aigua.<\/p>\n<p><img data-recalc-dims=\"1\" loading=\"lazy\" decoding=\"async\" data-attachment-id=\"2988\" data-permalink=\"http:\/\/kirstengomez.es\/bodas\/?attachment_id=2988\" data-orig-file=\"https:\/\/i0.wp.com\/kirstengomez.es\/bodas\/wp-content\/uploads\/2015\/04\/caentrega-3.jpg?fit=1000%2C667\" data-orig-size=\"1000,667\" data-comments-opened=\"1\" data-image-meta=\"{&quot;aperture&quot;:&quot;2.8&quot;,&quot;credit&quot;:&quot;&quot;,&quot;camera&quot;:&quot;Canon EOS 5D Mark III&quot;,&quot;caption&quot;:&quot;&quot;,&quot;created_timestamp&quot;:&quot;1475603552&quot;,&quot;copyright&quot;:&quot;&quot;,&quot;focal_length&quot;:&quot;50&quot;,&quot;iso&quot;:&quot;400&quot;,&quot;shutter_speed&quot;:&quot;0.008&quot;,&quot;title&quot;:&quot;&quot;,&quot;orientation&quot;:&quot;0&quot;}\" data-image-title=\"caentrega-3\" data-image-description=\"\" data-image-caption=\"\" data-large-file=\"https:\/\/i0.wp.com\/kirstengomez.es\/bodas\/wp-content\/uploads\/2015\/04\/caentrega-3.jpg?fit=1000%2C667\" class=\" wp-image-2988 aligncenter\" src=\"https:\/\/i0.wp.com\/kirstengomez.es\/bodas\/wp-content\/uploads\/2015\/04\/caentrega-3.jpg?resize=700%2C467\" alt=\"caentrega-3\" width=\"700\" height=\"467\" srcset=\"https:\/\/i0.wp.com\/kirstengomez.es\/bodas\/wp-content\/uploads\/2015\/04\/caentrega-3.jpg?w=1000 1000w, https:\/\/i0.wp.com\/kirstengomez.es\/bodas\/wp-content\/uploads\/2015\/04\/caentrega-3.jpg?resize=300%2C200 300w, https:\/\/i0.wp.com\/kirstengomez.es\/bodas\/wp-content\/uploads\/2015\/04\/caentrega-3.jpg?resize=800%2C534 800w, https:\/\/i0.wp.com\/kirstengomez.es\/bodas\/wp-content\/uploads\/2015\/04\/caentrega-3.jpg?resize=500%2C334 500w\" sizes=\"auto, (max-width: 700px) 100vw, 700px\" \/><\/p>\n<p style=\"text-align: center;\">*Ejemplo de una entrega digital de un pac en concreto.<\/p>\n<ul>\n<li>\n<h5><span style=\"color: #915d34;\"><strong>\u00c0LBUM + DIGITAL<\/strong><\/span> (entrega de las fotos editades en format digital + un \u00e0lbum)<\/h5>\n<\/li>\n<\/ul>\n<p style=\"padding-left: 30px;\">\u00c9s un \u00e0lbum de gran qualitat amb paper antipetjada on es podr\u00e0 apreciar les fotografies amb la millor qualitat i podreu ensenyar-les a tots els vostres amics i familiars.<\/p>\n<p style=\"padding-left: 30px;\">Amb un regal especial d&#8217;una funda de roba feta amb molt d&#8217;amor i a m\u00e9s personalitzada per a cada \u00e0lbum.<\/p>\n<p><img data-recalc-dims=\"1\" loading=\"lazy\" decoding=\"async\" data-attachment-id=\"1019\" data-permalink=\"http:\/\/kirstengomez.es\/bodas\/?attachment_id=1019\" data-orig-file=\"https:\/\/i0.wp.com\/kirstengomez.es\/bodas\/wp-content\/uploads\/2014\/09\/albumee.jpg?fit=700%2C800\" data-orig-size=\"700,800\" data-comments-opened=\"1\" data-image-meta=\"{&quot;aperture&quot;:&quot;0&quot;,&quot;credit&quot;:&quot;&quot;,&quot;camera&quot;:&quot;&quot;,&quot;caption&quot;:&quot;&quot;,&quot;created_timestamp&quot;:&quot;0&quot;,&quot;copyright&quot;:&quot;&quot;,&quot;focal_length&quot;:&quot;0&quot;,&quot;iso&quot;:&quot;0&quot;,&quot;shutter_speed&quot;:&quot;0&quot;,&quot;title&quot;:&quot;&quot;,&quot;orientation&quot;:&quot;1&quot;}\" data-image-title=\"albumE&amp;#038;E\" data-image-description=\"\" data-image-caption=\"\" data-large-file=\"https:\/\/i0.wp.com\/kirstengomez.es\/bodas\/wp-content\/uploads\/2014\/09\/albumee.jpg?fit=700%2C800\" class=\" size-full wp-image-1019 aligncenter\" src=\"https:\/\/i0.wp.com\/kirstengomez.es\/bodas\/wp-content\/uploads\/2014\/09\/albumee.jpg?resize=700%2C800\" alt=\"albumE&amp;E\" width=\"700\" height=\"800\" srcset=\"https:\/\/i0.wp.com\/kirstengomez.es\/bodas\/wp-content\/uploads\/2014\/09\/albumee.jpg?w=700 700w, https:\/\/i0.wp.com\/kirstengomez.es\/bodas\/wp-content\/uploads\/2014\/09\/albumee.jpg?resize=263%2C300 263w, https:\/\/i0.wp.com\/kirstengomez.es\/bodas\/wp-content\/uploads\/2014\/09\/albumee.jpg?resize=500%2C571 500w\" sizes=\"auto, (max-width: 700px) 100vw, 700px\" \/><\/p>\n<p style=\"text-align: center;\">*Hi ha diferents\u00a0pacs i mesures que podreu consultar-me segons les vostres necessitats.<\/p>\n<p>&nbsp;<\/p>\n<h5>\u00c0lbums r\u00e8plica per pares<\/h5>\n<p>Tamb\u00e9 hi ha opci\u00f3 d&#8217;\u00e0lbums r\u00e8plica per pares. S\u00f3n com el gran per\u00f2 m\u00e9s petits per poder-los regalar als vostres pares. Aix\u00ed podr\u00e1n presumir de fills!<\/p>\n<p>&nbsp;<\/p>\n<p><img data-recalc-dims=\"1\" loading=\"lazy\" decoding=\"async\" data-attachment-id=\"1022\" data-permalink=\"http:\/\/kirstengomez.es\/bodas\/?attachment_id=1022\" data-orig-file=\"https:\/\/i0.wp.com\/kirstengomez.es\/bodas\/wp-content\/uploads\/2014\/09\/ee-1.jpg?fit=700%2C336\" data-orig-size=\"700,336\" data-comments-opened=\"1\" data-image-meta=\"{&quot;aperture&quot;:&quot;2&quot;,&quot;credit&quot;:&quot;Kirsten G\\u00f3mez&quot;,&quot;camera&quot;:&quot;Canon EOS 5D Mark II&quot;,&quot;caption&quot;:&quot;&quot;,&quot;created_timestamp&quot;:&quot;1428066943&quot;,&quot;copyright&quot;:&quot;&quot;,&quot;focal_length&quot;:&quot;50&quot;,&quot;iso&quot;:&quot;200&quot;,&quot;shutter_speed&quot;:&quot;0.008&quot;,&quot;title&quot;:&quot;&quot;,&quot;orientation&quot;:&quot;1&quot;}\" data-image-title=\"E&amp;#038;E-1\" data-image-description=\"\" data-image-caption=\"\" data-large-file=\"https:\/\/i0.wp.com\/kirstengomez.es\/bodas\/wp-content\/uploads\/2014\/09\/ee-1.jpg?fit=700%2C336\" class=\" size-full wp-image-1022 aligncenter\" src=\"https:\/\/i0.wp.com\/kirstengomez.es\/bodas\/wp-content\/uploads\/2014\/09\/ee-1.jpg?resize=700%2C336\" alt=\"E&amp;E-1\" width=\"700\" height=\"336\" srcset=\"https:\/\/i0.wp.com\/kirstengomez.es\/bodas\/wp-content\/uploads\/2014\/09\/ee-1.jpg?w=700 700w, https:\/\/i0.wp.com\/kirstengomez.es\/bodas\/wp-content\/uploads\/2014\/09\/ee-1.jpg?resize=300%2C144 300w, https:\/\/i0.wp.com\/kirstengomez.es\/bodas\/wp-content\/uploads\/2014\/09\/ee-1.jpg?resize=500%2C240 500w\" sizes=\"auto, (max-width: 700px) 100vw, 700px\" \/><\/p>\n<p>&nbsp;<\/p>\n<p>Podreu fer ampliacions amb mien diferents suports materials. Sempre us recomano que ho fagi jo per a que la foto quedi perfecta i evitar qualsevol error.<\/p>\n<p>&nbsp;<\/p>\n<ul>\n<li>\u00a0Consultar condicions i\u00a0preus en contact@kirstengomez.es o demaneu cita per vindre a visitar-me i us ensenyar\u00e9 de manera m\u00e9s personalitzada.<\/li>\n<\/ul>\n","protected":false},"excerpt":{"rendered":"<p>Les meves entregues s\u00f3n sempre personalitzades, cada client \u00e9s diferent per aix\u00f2 cada parella t\u00e9 algo especial. La maquetaci\u00f3 dels \u00e0lbums s\u00f3n senzilles, dono m\u00e9s import\u00e0ncia al que veritablement el val que s\u00f3n les vostres fotografies. Junts decidim\u00a0com quedar\u00e1\u00a0el resultat final i vosaltres tamb\u00e9 formeu part del resultat perqu\u00e8 al final us ha d&#8217;encantar. Junts&#8230;<\/p>\n","protected":false},"author":1,"featured_media":802,"parent":0,"menu_order":0,"comment_status":"open","ping_status":"open","template":"","meta":{"jetpack_post_was_ever_published":false,"footnotes":""},"class_list":["post-1013","page","type-page","status-publish","has-post-thumbnail","hentry"],"jetpack_sharing_enabled":true,"jetpack_shortlink":"https:\/\/wp.me\/P5ZDAn-gl","_links":{"self":[{"href":"http:\/\/kirstengomez.es\/bodas\/index.php?rest_route=\/wp\/v2\/pages\/1013","targetHints":{"allow":["GET"]}}],"collection":[{"href":"http:\/\/kirstengomez.es\/bodas\/index.php?rest_route=\/wp\/v2\/pages"}],"about":[{"href":"http:\/\/kirstengomez.es\/bodas\/index.php?rest_route=\/wp\/v2\/types\/page"}],"author":[{"embeddable":true,"href":"http:\/\/kirstengomez.es\/bodas\/index.php?rest_route=\/wp\/v2\/users\/1"}],"replies":[{"embeddable":true,"href":"http:\/\/kirstengomez.es\/bodas\/index.php?rest_route=%2Fwp%2Fv2%2Fcomments&post=1013"}],"version-history":[{"count":7,"href":"http:\/\/kirstengomez.es\/bodas\/index.php?rest_route=\/wp\/v2\/pages\/1013\/revisions"}],"predecessor-version":[{"id":3216,"href":"http:\/\/kirstengomez.es\/bodas\/index.php?rest_route=\/wp\/v2\/pages\/1013\/revisions\/3216"}],"wp:featuredmedia":[{"embeddable":true,"href":"http:\/\/kirstengomez.es\/bodas\/index.php?rest_route=\/wp\/v2\/media\/802"}],"wp:attachment":[{"href":"http:\/\/kirstengomez.es\/bodas\/index.php?rest_route=%2Fwp%2Fv2%2Fmedia&parent=1013"}],"curies":[{"name":"wp","href":"https:\/\/api.w.org\/{rel}","templated":true}]}}